{"id":207,"date":"2024-07-24T10:02:48","date_gmt":"2024-07-24T08:02:48","guid":{"rendered":"https:\/\/www.stskamenicenl.cz\/?page_id=207"},"modified":"2024-07-24T14:03:46","modified_gmt":"2024-07-24T12:03:46","slug":"laserschneiden-von-metallen","status":"publish","type":"page","link":"https:\/\/www.stskamenicenl.cz\/de\/unsere-produkte\/laserschneiden-von-metallen\/","title":{"rendered":"Laserschneiden von Metallen"},"content":{"rendered":"<p>Laserschneiden oder Brennen von Blechen aller m\u00f6glichen Metallmaterialien und Dicken. Laserschneiden von Blechen in perfekter Qualit\u00e4t und schneller Lieferung.<\/p>\n<p>Wir f\u00fchren das Laserschneiden mit einer Leistung von 12 kW von allen verf\u00fcgbaren Metallmaterialien in einem breiten Dickenbereich durch, mit einem hohen Ma\u00df an Pr\u00e4zision, Wiederholbarkeit und einer sauberen Schnittkontur. Der Komplexit\u00e4t der geschnittenen Teile sind keine Grenzen gesetzt, und dank der Lasertechnologie sind wir in der Lage, sehr kleine L\u00f6cher auch in dicken Materialien herzustellen.<\/p>\n<p>Wir legen Wert auf die Qualit\u00e4t der Teile und kurze Lieferzeiten.<\/p>\n<p>Schnittparameter:<br \/>\nStahl bis zu 40 mm<br \/>\nEdelstahl 15 mm<br \/>\nAluminium 12 mm<\/p>\n<p><a href=\"https:\/\/www.stskamenicenl.cz\/de\/kontakte\/\">Kontaktieren Sie uns \u00fcber unser Kontaktformular oder setzen Sie sich telefonisch mit uns in Verbindung!<\/a><\/p>\n<div id='gallery-1' class='gallery galleryid-207 gallery-columns-4 gallery-size-large'><dl class='gallery-item'>\n\t\t\t<dt class='gallery-icon landscape'>\n\t\t\t\t<a href='https:\/\/www.stskamenicenl.cz\/wp-content\/uploads\/2024\/07\/C5D00275-min-scaled.jpg'><img loading=\"lazy\" decoding=\"async\" width=\"1024\" height=\"683\" src=\"data:image\/gif;base64,R0lGODlhAQABAIAAAAAAAP\/\/\/yH5BAEAAAAALAAAAAABAAEAAAIBRAA7\" data-src=\"https:\/\/www.stskamenicenl.cz\/wp-content\/uploads\/2024\/07\/C5D00275-min-1024x683.jpg\" class=\"attachment-large size-large\" alt=\"\" srcset=\"data:image\/gif;base64,R0lGODlhAQABAIAAAAAAAP\/\/\/yH5BAEAAAAALAAAAAABAAEAAAIBRAA7\" data-srcset=\"https:\/\/www.stskamenicenl.cz\/wp-content\/uploads\/2024\/07\/C5D00275-min-1024x683.jpg 1024w, https:\/\/www.stskamenicenl.cz\/wp-content\/uploads\/2024\/07\/C5D00275-min-300x200.jpg 300w, https:\/\/www.stskamenicenl.cz\/wp-content\/uploads\/2024\/07\/C5D00275-min-768x512.jpg 768w, https:\/\/www.stskamenicenl.cz\/wp-content\/uploads\/2024\/07\/C5D00275-min-1536x1024.jpg 1536w, https:\/\/www.stskamenicenl.cz\/wp-content\/uploads\/2024\/07\/C5D00275-min-2048x1365.jpg 2048w, https:\/\/www.stskamenicenl.cz\/wp-content\/uploads\/2024\/07\/C5D00275-min-220x147.jpg 220w\" sizes=\"auto, (max-width: 1024px) 100vw, 1024px\" \/><\/a>\n\t\t\t<\/dt><\/dl><dl class='gallery-item'>\n\t\t\t<dt class='gallery-icon portrait'>\n\t\t\t\t<a href='https:\/\/www.stskamenicenl.cz\/wp-content\/uploads\/2024\/07\/C5D00277-min-scaled.jpg'><img loading=\"lazy\" decoding=\"async\" width=\"684\" height=\"1024\" src=\"data:image\/gif;base64,R0lGODlhAQABAIAAAAAAAP\/\/\/yH5BAEAAAAALAAAAAABAAEAAAIBRAA7\" data-src=\"https:\/\/www.stskamenicenl.cz\/wp-content\/uploads\/2024\/07\/C5D00277-min-684x1024.jpg\" class=\"attachment-large size-large\" alt=\"\" srcset=\"data:image\/gif;base64,R0lGODlhAQABAIAAAAAAAP\/\/\/yH5BAEAAAAALAAAAAABAAEAAAIBRAA7\" data-srcset=\"https:\/\/www.stskamenicenl.cz\/wp-content\/uploads\/2024\/07\/C5D00277-min-684x1024.jpg 684w, https:\/\/www.stskamenicenl.cz\/wp-content\/uploads\/2024\/07\/C5D00277-min-200x300.jpg 200w, https:\/\/www.stskamenicenl.cz\/wp-content\/uploads\/2024\/07\/C5D00277-min-768x1150.jpg 768w, https:\/\/www.stskamenicenl.cz\/wp-content\/uploads\/2024\/07\/C5D00277-min-1026x1536.jpg 1026w, https:\/\/www.stskamenicenl.cz\/wp-content\/uploads\/2024\/07\/C5D00277-min-1367x2048.jpg 1367w, https:\/\/www.stskamenicenl.cz\/wp-content\/uploads\/2024\/07\/C5D00277-min-220x329.jpg 220w, https:\/\/www.stskamenicenl.cz\/wp-content\/uploads\/2024\/07\/C5D00277-min-scaled.jpg 1709w\" sizes=\"auto, (max-width: 684px) 100vw, 684px\" \/><\/a>\n\t\t\t<\/dt><\/dl><dl class='gallery-item'>\n\t\t\t<dt class='gallery-icon landscape'>\n\t\t\t\t<a href='https:\/\/www.stskamenicenl.cz\/wp-content\/uploads\/2024\/07\/C5D00290-min-scaled.jpg'><img loading=\"lazy\" decoding=\"async\" width=\"1024\" height=\"683\" src=\"data:image\/gif;base64,R0lGODlhAQABAIAAAAAAAP\/\/\/yH5BAEAAAAALAAAAAABAAEAAAIBRAA7\" data-src=\"https:\/\/www.stskamenicenl.cz\/wp-content\/uploads\/2024\/07\/C5D00290-min-1024x683.jpg\" class=\"attachment-large size-large\" alt=\"\" srcset=\"data:image\/gif;base64,R0lGODlhAQABAIAAAAAAAP\/\/\/yH5BAEAAAAALAAAAAABAAEAAAIBRAA7\" data-srcset=\"https:\/\/www.stskamenicenl.cz\/wp-content\/uploads\/2024\/07\/C5D00290-min-1024x683.jpg 1024w, https:\/\/www.stskamenicenl.cz\/wp-content\/uploads\/2024\/07\/C5D00290-min-300x200.jpg 300w, https:\/\/www.stskamenicenl.cz\/wp-content\/uploads\/2024\/07\/C5D00290-min-768x512.jpg 768w, https:\/\/www.stskamenicenl.cz\/wp-content\/uploads\/2024\/07\/C5D00290-min-1536x1024.jpg 1536w, https:\/\/www.stskamenicenl.cz\/wp-content\/uploads\/2024\/07\/C5D00290-min-2048x1365.jpg 2048w, https:\/\/www.stskamenicenl.cz\/wp-content\/uploads\/2024\/07\/C5D00290-min-220x147.jpg 220w\" sizes=\"auto, (max-width: 1024px) 100vw, 1024px\" \/><\/a>\n\t\t\t<\/dt><\/dl><dl class='gallery-item'>\n\t\t\t<dt class='gallery-icon landscape'>\n\t\t\t\t<a href='https:\/\/www.stskamenicenl.cz\/wp-content\/uploads\/2024\/07\/C5D00286-min-scaled.jpg'><img loading=\"lazy\" decoding=\"async\" width=\"1024\" height=\"683\" src=\"data:image\/gif;base64,R0lGODlhAQABAIAAAAAAAP\/\/\/yH5BAEAAAAALAAAAAABAAEAAAIBRAA7\" data-src=\"https:\/\/www.stskamenicenl.cz\/wp-content\/uploads\/2024\/07\/C5D00286-min-1024x683.jpg\" class=\"attachment-large size-large\" alt=\"\" srcset=\"data:image\/gif;base64,R0lGODlhAQABAIAAAAAAAP\/\/\/yH5BAEAAAAALAAAAAABAAEAAAIBRAA7\" data-srcset=\"https:\/\/www.stskamenicenl.cz\/wp-content\/uploads\/2024\/07\/C5D00286-min-1024x683.jpg 1024w, https:\/\/www.stskamenicenl.cz\/wp-content\/uploads\/2024\/07\/C5D00286-min-300x200.jpg 300w, https:\/\/www.stskamenicenl.cz\/wp-content\/uploads\/2024\/07\/C5D00286-min-768x512.jpg 768w, https:\/\/www.stskamenicenl.cz\/wp-content\/uploads\/2024\/07\/C5D00286-min-1536x1024.jpg 1536w, https:\/\/www.stskamenicenl.cz\/wp-content\/uploads\/2024\/07\/C5D00286-min-2048x1365.jpg 2048w, https:\/\/www.stskamenicenl.cz\/wp-content\/uploads\/2024\/07\/C5D00286-min-220x147.jpg 220w\" sizes=\"auto, (max-width: 1024px) 100vw, 1024px\" \/><\/a>\n\t\t\t<\/dt><\/dl><br style=\"clear: both\" \/>\n\t\t<\/div>\n\n","protected":false},"excerpt":{"rendered":"<p>Laserschneiden oder Brennen von Blechen aller m\u00f6glichen Metallmaterialien und Dicken. Laserschneiden von Blechen in perfekter Qualit\u00e4t und schneller Lieferung. Wir f\u00fchren das Laserschneiden mit einer Leistung von 12 kW von allen verf\u00fcgbaren Metallmaterialien in einem breiten Dickenbereich durch, mit einem hohen Ma\u00df an Pr\u00e4zision, Wiederholbarkeit und einer sauberen Schnittkontur. Der Komplexit\u00e4t der geschnittenen Teile sind&#8230;<\/p>\n","protected":false},"author":1,"featured_media":216,"parent":118,"menu_order":0,"comment_status":"closed","ping_status":"closed","template":"","meta":{"footnotes":""},"class_list":["post-207","page","type-page","status-publish","has-post-thumbnail","hentry"],"yoast_head":"<!-- This site is optimized with the Yoast SEO plugin v25.6 - https:\/\/yoast.com\/wordpress\/plugins\/seo\/ -->\n<title>Laserschneiden von Metallen - STS Kamenice nad Lipou<\/title>\n<meta name=\"robots\" content=\"index, follow, max-snippet:-1, max-image-preview:large, max-video-preview:-1\" \/>\n<link rel=\"canonical\" href=\"https:\/\/www.stskamenicenl.cz\/de\/unsere-produkte\/laserschneiden-von-metallen\/\" \/>\n<meta property=\"og:locale\" content=\"de_DE\" \/>\n<meta property=\"og:type\" content=\"article\" \/>\n<meta property=\"og:title\" content=\"Laserschneiden von Metallen - STS Kamenice nad Lipou\" \/>\n<meta property=\"og:description\" content=\"Laserschneiden oder Brennen von Blechen aller m\u00f6glichen Metallmaterialien und Dicken. Laserschneiden von Blechen in perfekter Qualit\u00e4t und schneller Lieferung. Wir f\u00fchren das Laserschneiden mit einer Leistung von 12 kW von allen verf\u00fcgbaren Metallmaterialien in einem breiten Dickenbereich durch, mit einem hohen Ma\u00df an Pr\u00e4zision, Wiederholbarkeit und einer sauberen Schnittkontur. Der Komplexit\u00e4t der geschnittenen Teile sind...\" \/>\n<meta property=\"og:url\" content=\"https:\/\/www.stskamenicenl.cz\/de\/unsere-produkte\/laserschneiden-von-metallen\/\" \/>\n<meta property=\"og:site_name\" content=\"STS Kamenice nad Lipou\" \/>\n<meta property=\"article:modified_time\" content=\"2024-07-24T12:03:46+00:00\" \/>\n<meta name=\"twitter:card\" content=\"summary_large_image\" \/>\n<meta name=\"twitter:label1\" content=\"Est. reading time\" \/>\n\t<meta name=\"twitter:data1\" content=\"1 minute\" \/>\n<!-- \/ Yoast SEO plugin. -->","yoast_head_json":{"title":"Laserschneiden von Metallen - STS Kamenice nad Lipou","robots":{"index":"index","follow":"follow","max-snippet":"max-snippet:-1","max-image-preview":"max-image-preview:large","max-video-preview":"max-video-preview:-1"},"canonical":"https:\/\/www.stskamenicenl.cz\/de\/unsere-produkte\/laserschneiden-von-metallen\/","og_locale":"de_DE","og_type":"article","og_title":"Laserschneiden von Metallen - STS Kamenice nad Lipou","og_description":"Laserschneiden oder Brennen von Blechen aller m\u00f6glichen Metallmaterialien und Dicken. Laserschneiden von Blechen in perfekter Qualit\u00e4t und schneller Lieferung. Wir f\u00fchren das Laserschneiden mit einer Leistung von 12 kW von allen verf\u00fcgbaren Metallmaterialien in einem breiten Dickenbereich durch, mit einem hohen Ma\u00df an Pr\u00e4zision, Wiederholbarkeit und einer sauberen Schnittkontur. Der Komplexit\u00e4t der geschnittenen Teile sind...","og_url":"https:\/\/www.stskamenicenl.cz\/de\/unsere-produkte\/laserschneiden-von-metallen\/","og_site_name":"STS Kamenice nad Lipou","article_modified_time":"2024-07-24T12:03:46+00:00","twitter_card":"summary_large_image","twitter_misc":{"Est. reading time":"1 minute"},"schema":{"@context":"https:\/\/schema.org","@graph":[{"@type":"WebPage","@id":"https:\/\/www.stskamenicenl.cz\/de\/unsere-produkte\/laserschneiden-von-metallen\/","url":"https:\/\/www.stskamenicenl.cz\/de\/unsere-produkte\/laserschneiden-von-metallen\/","name":"Laserschneiden von Metallen - STS Kamenice nad Lipou","isPartOf":{"@id":"https:\/\/www.stskamenicenl.cz\/#website"},"primaryImageOfPage":{"@id":"https:\/\/www.stskamenicenl.cz\/de\/unsere-produkte\/laserschneiden-von-metallen\/#primaryimage"},"image":{"@id":"https:\/\/www.stskamenicenl.cz\/de\/unsere-produkte\/laserschneiden-von-metallen\/#primaryimage"},"thumbnailUrl":"https:\/\/www.stskamenicenl.cz\/wp-content\/uploads\/2024\/07\/C5D00286-min-scaled.jpg","datePublished":"2024-07-24T08:02:48+00:00","dateModified":"2024-07-24T12:03:46+00:00","breadcrumb":{"@id":"https:\/\/www.stskamenicenl.cz\/de\/unsere-produkte\/laserschneiden-von-metallen\/#breadcrumb"},"inLanguage":"de-DE","potentialAction":[{"@type":"ReadAction","target":["https:\/\/www.stskamenicenl.cz\/de\/unsere-produkte\/laserschneiden-von-metallen\/"]}]},{"@type":"ImageObject","inLanguage":"de-DE","@id":"https:\/\/www.stskamenicenl.cz\/de\/unsere-produkte\/laserschneiden-von-metallen\/#primaryimage","url":"https:\/\/www.stskamenicenl.cz\/wp-content\/uploads\/2024\/07\/C5D00286-min-scaled.jpg","contentUrl":"https:\/\/www.stskamenicenl.cz\/wp-content\/uploads\/2024\/07\/C5D00286-min-scaled.jpg","width":2560,"height":1707},{"@type":"BreadcrumbList","@id":"https:\/\/www.stskamenicenl.cz\/de\/unsere-produkte\/laserschneiden-von-metallen\/#breadcrumb","itemListElement":[{"@type":"ListItem","position":1,"name":"Dom\u016f","item":"https:\/\/www.stskamenicenl.cz\/de\/"},{"@type":"ListItem","position":2,"name":"Unsere Produkte","item":"https:\/\/www.stskamenicenl.cz\/de\/unsere-produkte\/"},{"@type":"ListItem","position":3,"name":"Laserschneiden von Metallen"}]},{"@type":"WebSite","@id":"https:\/\/www.stskamenicenl.cz\/#website","url":"https:\/\/www.stskamenicenl.cz\/","name":"STS Kamenice nad Lipou","description":"Oprava traktor\u016f a v\u00fdrobna n\u00e1hradn\u00edch d\u00edl\u016f","potentialAction":[{"@type":"SearchAction","target":{"@type":"EntryPoint","urlTemplate":"https:\/\/www.stskamenicenl.cz\/?s={search_term_string}"},"query-input":{"@type":"PropertyValueSpecification","valueRequired":true,"valueName":"search_term_string"}}],"inLanguage":"de-DE"}]}},"_links":{"self":[{"href":"https:\/\/www.stskamenicenl.cz\/de\/wp-json\/wp\/v2\/pages\/207","targetHints":{"allow":["GET"]}}],"collection":[{"href":"https:\/\/www.stskamenicenl.cz\/de\/wp-json\/wp\/v2\/pages"}],"about":[{"href":"https:\/\/www.stskamenicenl.cz\/de\/wp-json\/wp\/v2\/types\/page"}],"author":[{"embeddable":true,"href":"https:\/\/www.stskamenicenl.cz\/de\/wp-json\/wp\/v2\/users\/1"}],"replies":[{"embeddable":true,"href":"https:\/\/www.stskamenicenl.cz\/de\/wp-json\/wp\/v2\/comments?post=207"}],"version-history":[{"count":4,"href":"https:\/\/www.stskamenicenl.cz\/de\/wp-json\/wp\/v2\/pages\/207\/revisions"}],"predecessor-version":[{"id":244,"href":"https:\/\/www.stskamenicenl.cz\/de\/wp-json\/wp\/v2\/pages\/207\/revisions\/244"}],"up":[{"embeddable":true,"href":"https:\/\/www.stskamenicenl.cz\/de\/wp-json\/wp\/v2\/pages\/118"}],"wp:featuredmedia":[{"embeddable":true,"href":"https:\/\/www.stskamenicenl.cz\/de\/wp-json\/wp\/v2\/media\/216"}],"wp:attachment":[{"href":"https:\/\/www.stskamenicenl.cz\/de\/wp-json\/wp\/v2\/media?parent=207"}],"curies":[{"name":"wp","href":"https:\/\/api.w.org\/{rel}","templated":true}]}}