{"id":139,"date":"2019-08-16T12:34:33","date_gmt":"2019-08-16T10:34:33","guid":{"rendered":"https:\/\/www.stskamenicenl.cz\/?page_id=139"},"modified":"2019-08-16T13:43:50","modified_gmt":"2019-08-16T11:43:50","slug":"fertigung-von-abrollcontainer","status":"publish","type":"page","link":"https:\/\/www.stskamenicenl.cz\/de\/unsere-produkte\/fertigung-von-abrollcontainer\/","title":{"rendered":"Fertigung von Abrollcontainer"},"content":{"rendered":"<p>Wir besch\u00e4ftigen uns mit der Fertigung von Abrollcontainer. Wir bieten Ihnen eine gro\u00dfe Auswahl an kundenspezifischen technischen Modifikationen, Materialien und Farben an.<\/p>\n<ul>\n<li>Fertigung von Abrollcontainer nach Ihrem individuellen Bedarf<\/li>\n<li>L\u00e4nge des Containers bis zu 6,5m und H\u00f6he max. 2,4m<\/li>\n<li>Der Container kann mit Hardoxboden bestellt werden<\/li>\n<li>Beschichtung nach Ihrem individuellen Bedarf lt. Musterkarte RAL<\/li>\n<\/ul>\n<p>&nbsp;<\/p>\n<div id='gallery-1' class='gallery galleryid-139 gallery-columns-5 gallery-size-thumbnail'><dl class='gallery-item'>\n\t\t\t<dt class='gallery-icon landscape'>\n\t\t\t\t<a href='https:\/\/www.stskamenicenl.cz\/de\/unsere-produkte\/fertigung-von-abrollcontainer\/kontejner-1_1-2\/'><img loading=\"lazy\" decoding=\"async\" width=\"150\" height=\"150\" src=\"data:image\/gif;base64,R0lGODlhAQABAIAAAAAAAP\/\/\/yH5BAEAAAAALAAAAAABAAEAAAIBRAA7\" data-src=\"https:\/\/www.stskamenicenl.cz\/wp-content\/uploads\/2019\/06\/Kontejner-1_1-150x150.jpg\" class=\"attachment-thumbnail size-thumbnail\" alt=\"\" srcset=\"data:image\/gif;base64,R0lGODlhAQABAIAAAAAAAP\/\/\/yH5BAEAAAAALAAAAAABAAEAAAIBRAA7\" data-srcset=\"https:\/\/www.stskamenicenl.cz\/wp-content\/uploads\/2019\/06\/Kontejner-1_1-150x150.jpg 150w, https:\/\/www.stskamenicenl.cz\/wp-content\/uploads\/2019\/06\/Kontejner-1_1-427x427.jpg 427w, https:\/\/www.stskamenicenl.cz\/wp-content\/uploads\/2019\/06\/Kontejner-1_1-200x200.jpg 200w\" sizes=\"auto, (max-width: 150px) 100vw, 150px\" \/><\/a>\n\t\t\t<\/dt><\/dl><dl class='gallery-item'>\n\t\t\t<dt class='gallery-icon landscape'>\n\t\t\t\t<a href='https:\/\/www.stskamenicenl.cz\/de\/unsere-produkte\/fertigung-von-abrollcontainer\/kontejner-2_1\/'><img loading=\"lazy\" decoding=\"async\" width=\"150\" height=\"150\" src=\"data:image\/gif;base64,R0lGODlhAQABAIAAAAAAAP\/\/\/yH5BAEAAAAALAAAAAABAAEAAAIBRAA7\" data-src=\"https:\/\/www.stskamenicenl.cz\/wp-content\/uploads\/2019\/06\/Kontejner-2_1-150x150.jpg\" class=\"attachment-thumbnail size-thumbnail\" alt=\"\" srcset=\"data:image\/gif;base64,R0lGODlhAQABAIAAAAAAAP\/\/\/yH5BAEAAAAALAAAAAABAAEAAAIBRAA7\" data-srcset=\"https:\/\/www.stskamenicenl.cz\/wp-content\/uploads\/2019\/06\/Kontejner-2_1-150x150.jpg 150w, https:\/\/www.stskamenicenl.cz\/wp-content\/uploads\/2019\/06\/Kontejner-2_1-427x427.jpg 427w, https:\/\/www.stskamenicenl.cz\/wp-content\/uploads\/2019\/06\/Kontejner-2_1-200x200.jpg 200w\" sizes=\"auto, (max-width: 150px) 100vw, 150px\" \/><\/a>\n\t\t\t<\/dt><\/dl><dl class='gallery-item'>\n\t\t\t<dt class='gallery-icon landscape'>\n\t\t\t\t<a href='https:\/\/www.stskamenicenl.cz\/de\/unsere-produkte\/fertigung-von-abrollcontainer\/kontejner3\/'><img loading=\"lazy\" decoding=\"async\" width=\"150\" height=\"150\" src=\"data:image\/gif;base64,R0lGODlhAQABAIAAAAAAAP\/\/\/yH5BAEAAAAALAAAAAABAAEAAAIBRAA7\" data-src=\"https:\/\/www.stskamenicenl.cz\/wp-content\/uploads\/2019\/06\/Kontejner3-150x150.jpg\" class=\"attachment-thumbnail size-thumbnail\" alt=\"\" srcset=\"data:image\/gif;base64,R0lGODlhAQABAIAAAAAAAP\/\/\/yH5BAEAAAAALAAAAAABAAEAAAIBRAA7\" data-srcset=\"https:\/\/www.stskamenicenl.cz\/wp-content\/uploads\/2019\/06\/Kontejner3-150x150.jpg 150w, https:\/\/www.stskamenicenl.cz\/wp-content\/uploads\/2019\/06\/Kontejner3-300x300.jpg 300w, https:\/\/www.stskamenicenl.cz\/wp-content\/uploads\/2019\/06\/Kontejner3-427x427.jpg 427w, https:\/\/www.stskamenicenl.cz\/wp-content\/uploads\/2019\/06\/Kontejner3-200x200.jpg 200w, https:\/\/www.stskamenicenl.cz\/wp-content\/uploads\/2019\/06\/Kontejner3-220x220.jpg 220w, https:\/\/www.stskamenicenl.cz\/wp-content\/uploads\/2019\/06\/Kontejner3.jpg 512w\" sizes=\"auto, (max-width: 150px) 100vw, 150px\" \/><\/a>\n\t\t\t<\/dt><\/dl><dl class='gallery-item'>\n\t\t\t<dt class='gallery-icon landscape'>\n\t\t\t\t<a href='https:\/\/www.stskamenicenl.cz\/de\/unsere-produkte\/fertigung-von-abrollcontainer\/kontejner4\/'><img loading=\"lazy\" decoding=\"async\" width=\"150\" height=\"150\" src=\"data:image\/gif;base64,R0lGODlhAQABAIAAAAAAAP\/\/\/yH5BAEAAAAALAAAAAABAAEAAAIBRAA7\" data-src=\"https:\/\/www.stskamenicenl.cz\/wp-content\/uploads\/2019\/06\/Kontejner4-150x150.jpg\" class=\"attachment-thumbnail size-thumbnail\" alt=\"\" srcset=\"data:image\/gif;base64,R0lGODlhAQABAIAAAAAAAP\/\/\/yH5BAEAAAAALAAAAAABAAEAAAIBRAA7\" data-srcset=\"https:\/\/www.stskamenicenl.cz\/wp-content\/uploads\/2019\/06\/Kontejner4-150x150.jpg 150w, https:\/\/www.stskamenicenl.cz\/wp-content\/uploads\/2019\/06\/Kontejner4-300x300.jpg 300w, https:\/\/www.stskamenicenl.cz\/wp-content\/uploads\/2019\/06\/Kontejner4-427x427.jpg 427w, https:\/\/www.stskamenicenl.cz\/wp-content\/uploads\/2019\/06\/Kontejner4-200x200.jpg 200w, https:\/\/www.stskamenicenl.cz\/wp-content\/uploads\/2019\/06\/Kontejner4-220x220.jpg 220w, https:\/\/www.stskamenicenl.cz\/wp-content\/uploads\/2019\/06\/Kontejner4.jpg 512w\" sizes=\"auto, (max-width: 150px) 100vw, 150px\" \/><\/a>\n\t\t\t<\/dt><\/dl><dl class='gallery-item'>\n\t\t\t<dt class='gallery-icon landscape'>\n\t\t\t\t<a href='https:\/\/www.stskamenicenl.cz\/de\/unsere-produkte\/fertigung-von-abrollcontainer\/c5d08267\/'><img loading=\"lazy\" decoding=\"async\" width=\"150\" height=\"150\" src=\"data:image\/gif;base64,R0lGODlhAQABAIAAAAAAAP\/\/\/yH5BAEAAAAALAAAAAABAAEAAAIBRAA7\" data-src=\"https:\/\/www.stskamenicenl.cz\/wp-content\/uploads\/2019\/06\/C5D08267-150x150.jpg\" class=\"attachment-thumbnail size-thumbnail\" alt=\"\" srcset=\"data:image\/gif;base64,R0lGODlhAQABAIAAAAAAAP\/\/\/yH5BAEAAAAALAAAAAABAAEAAAIBRAA7\" data-srcset=\"https:\/\/www.stskamenicenl.cz\/wp-content\/uploads\/2019\/06\/C5D08267-150x150.jpg 150w, https:\/\/www.stskamenicenl.cz\/wp-content\/uploads\/2019\/06\/C5D08267-427x427.jpg 427w, https:\/\/www.stskamenicenl.cz\/wp-content\/uploads\/2019\/06\/C5D08267-640x640.jpg 640w, https:\/\/www.stskamenicenl.cz\/wp-content\/uploads\/2019\/06\/C5D08267-200x200.jpg 200w\" sizes=\"auto, (max-width: 150px) 100vw, 150px\" \/><\/a>\n\t\t\t<\/dt><\/dl><br style=\"clear: both\" \/>\n\t\t<\/div>\n\n<p>&nbsp;<\/p>\n","protected":false},"excerpt":{"rendered":"<p>Wir besch\u00e4ftigen uns mit der Fertigung von Abrollcontainer.<\/p>\n","protected":false},"author":1,"featured_media":140,"parent":118,"menu_order":7,"comment_status":"closed","ping_status":"closed","template":"","meta":{"footnotes":""},"class_list":["post-139","page","type-page","status-publish","has-post-thumbnail","hentry"],"yoast_head":"<!-- This site is optimized with the Yoast SEO plugin v25.6 - https:\/\/yoast.com\/wordpress\/plugins\/seo\/ -->\n<title>Fertigung von Abrollcontainer - STS Kamenice nad Lipou<\/title>\n<meta name=\"robots\" content=\"index, follow, max-snippet:-1, max-image-preview:large, max-video-preview:-1\" \/>\n<link rel=\"canonical\" href=\"https:\/\/www.stskamenicenl.cz\/de\/unsere-produkte\/fertigung-von-abrollcontainer\/\" \/>\n<meta property=\"og:locale\" content=\"de_DE\" \/>\n<meta property=\"og:type\" content=\"article\" \/>\n<meta property=\"og:title\" content=\"Fertigung von Abrollcontainer - STS Kamenice nad Lipou\" \/>\n<meta property=\"og:description\" content=\"Wir besch\u00e4ftigen uns mit der Fertigung von Abrollcontainer.\" \/>\n<meta property=\"og:url\" content=\"https:\/\/www.stskamenicenl.cz\/de\/unsere-produkte\/fertigung-von-abrollcontainer\/\" \/>\n<meta property=\"og:site_name\" content=\"STS Kamenice nad Lipou\" \/>\n<meta property=\"article:modified_time\" content=\"2019-08-16T11:43:50+00:00\" \/>\n<meta property=\"og:image\" content=\"https:\/\/www.stskamenicenl.cz\/wp-content\/uploads\/2019\/05\/Kontejner-1_1.jpg\" \/>\n\t<meta property=\"og:image:width\" content=\"1066\" \/>\n\t<meta property=\"og:image:height\" content=\"600\" \/>\n\t<meta property=\"og:image:type\" content=\"image\/jpeg\" \/>\n<meta name=\"twitter:card\" content=\"summary_large_image\" \/>\n<!-- \/ Yoast SEO plugin. -->","yoast_head_json":{"title":"Fertigung von Abrollcontainer - STS Kamenice nad Lipou","robots":{"index":"index","follow":"follow","max-snippet":"max-snippet:-1","max-image-preview":"max-image-preview:large","max-video-preview":"max-video-preview:-1"},"canonical":"https:\/\/www.stskamenicenl.cz\/de\/unsere-produkte\/fertigung-von-abrollcontainer\/","og_locale":"de_DE","og_type":"article","og_title":"Fertigung von Abrollcontainer - STS Kamenice nad Lipou","og_description":"Wir besch\u00e4ftigen uns mit der Fertigung von Abrollcontainer.","og_url":"https:\/\/www.stskamenicenl.cz\/de\/unsere-produkte\/fertigung-von-abrollcontainer\/","og_site_name":"STS Kamenice nad Lipou","article_modified_time":"2019-08-16T11:43:50+00:00","og_image":[{"width":1066,"height":600,"url":"https:\/\/www.stskamenicenl.cz\/wp-content\/uploads\/2019\/05\/Kontejner-1_1.jpg","type":"image\/jpeg"}],"twitter_card":"summary_large_image","schema":{"@context":"https:\/\/schema.org","@graph":[{"@type":"WebPage","@id":"https:\/\/www.stskamenicenl.cz\/de\/unsere-produkte\/fertigung-von-abrollcontainer\/","url":"https:\/\/www.stskamenicenl.cz\/de\/unsere-produkte\/fertigung-von-abrollcontainer\/","name":"Fertigung von Abrollcontainer - STS Kamenice nad Lipou","isPartOf":{"@id":"https:\/\/www.stskamenicenl.cz\/#website"},"primaryImageOfPage":{"@id":"https:\/\/www.stskamenicenl.cz\/de\/unsere-produkte\/fertigung-von-abrollcontainer\/#primaryimage"},"image":{"@id":"https:\/\/www.stskamenicenl.cz\/de\/unsere-produkte\/fertigung-von-abrollcontainer\/#primaryimage"},"thumbnailUrl":"https:\/\/www.stskamenicenl.cz\/wp-content\/uploads\/2019\/05\/Kontejner-1_1.jpg","datePublished":"2019-08-16T10:34:33+00:00","dateModified":"2019-08-16T11:43:50+00:00","breadcrumb":{"@id":"https:\/\/www.stskamenicenl.cz\/de\/unsere-produkte\/fertigung-von-abrollcontainer\/#breadcrumb"},"inLanguage":"de-DE","potentialAction":[{"@type":"ReadAction","target":["https:\/\/www.stskamenicenl.cz\/de\/unsere-produkte\/fertigung-von-abrollcontainer\/"]}]},{"@type":"ImageObject","inLanguage":"de-DE","@id":"https:\/\/www.stskamenicenl.cz\/de\/unsere-produkte\/fertigung-von-abrollcontainer\/#primaryimage","url":"https:\/\/www.stskamenicenl.cz\/wp-content\/uploads\/2019\/05\/Kontejner-1_1.jpg","contentUrl":"https:\/\/www.stskamenicenl.cz\/wp-content\/uploads\/2019\/05\/Kontejner-1_1.jpg","width":1066,"height":600},{"@type":"BreadcrumbList","@id":"https:\/\/www.stskamenicenl.cz\/de\/unsere-produkte\/fertigung-von-abrollcontainer\/#breadcrumb","itemListElement":[{"@type":"ListItem","position":1,"name":"Dom\u016f","item":"https:\/\/www.stskamenicenl.cz\/de\/"},{"@type":"ListItem","position":2,"name":"Unsere Produkte","item":"https:\/\/www.stskamenicenl.cz\/de\/unsere-produkte\/"},{"@type":"ListItem","position":3,"name":"Fertigung von Abrollcontainer"}]},{"@type":"WebSite","@id":"https:\/\/www.stskamenicenl.cz\/#website","url":"https:\/\/www.stskamenicenl.cz\/","name":"STS Kamenice nad Lipou","description":"Oprava traktor\u016f a v\u00fdrobna n\u00e1hradn\u00edch d\u00edl\u016f","potentialAction":[{"@type":"SearchAction","target":{"@type":"EntryPoint","urlTemplate":"https:\/\/www.stskamenicenl.cz\/?s={search_term_string}"},"query-input":{"@type":"PropertyValueSpecification","valueRequired":true,"valueName":"search_term_string"}}],"inLanguage":"de-DE"}]}},"_links":{"self":[{"href":"https:\/\/www.stskamenicenl.cz\/de\/wp-json\/wp\/v2\/pages\/139","targetHints":{"allow":["GET"]}}],"collection":[{"href":"https:\/\/www.stskamenicenl.cz\/de\/wp-json\/wp\/v2\/pages"}],"about":[{"href":"https:\/\/www.stskamenicenl.cz\/de\/wp-json\/wp\/v2\/types\/page"}],"author":[{"embeddable":true,"href":"https:\/\/www.stskamenicenl.cz\/de\/wp-json\/wp\/v2\/users\/1"}],"replies":[{"embeddable":true,"href":"https:\/\/www.stskamenicenl.cz\/de\/wp-json\/wp\/v2\/comments?post=139"}],"version-history":[{"count":0,"href":"https:\/\/www.stskamenicenl.cz\/de\/wp-json\/wp\/v2\/pages\/139\/revisions"}],"up":[{"embeddable":true,"href":"https:\/\/www.stskamenicenl.cz\/de\/wp-json\/wp\/v2\/pages\/118"}],"wp:featuredmedia":[{"embeddable":true,"href":"https:\/\/www.stskamenicenl.cz\/de\/wp-json\/wp\/v2\/media\/140"}],"wp:attachment":[{"href":"https:\/\/www.stskamenicenl.cz\/de\/wp-json\/wp\/v2\/media?parent=139"}],"curies":[{"name":"wp","href":"https:\/\/api.w.org\/{rel}","templated":true}]}}