{"id":128,"date":"2019-08-16T12:32:25","date_gmt":"2019-08-16T10:32:25","guid":{"rendered":"https:\/\/www.stskamenicenl.cz\/?page_id=128"},"modified":"2019-08-16T13:43:22","modified_gmt":"2019-08-16T11:43:22","slug":"metallbearbeitung-vom-einzelteil-bis-zur-serienfertigung","status":"publish","type":"page","link":"https:\/\/www.stskamenicenl.cz\/de\/unsere-produkte\/metallbearbeitung-vom-einzelteil-bis-zur-serienfertigung\/","title":{"rendered":"Metallbearbeitung vom Einzelteil bis zur Serienfertigung"},"content":{"rendered":"<p>Wir bieten eine Metallbearbeitung und die Bearbeitung von individuellen umfangreichen Einzelauftr\u00e4gen nach Bedarf und lt. der technischen Dokumentation, bei der unser technisches und personelles Potential gen\u00fcntzt wird. Wir akzeptieren sowohl Serien- als auch Einzelbestellungen.<br \/>\nWir sind haupts\u00e4chlich auf die Bearbeitung von Blechen und Profilmaterialien sowie auf die Herstellung von Metallkonstruktionen spezialisiert.<\/p>\n<h2>Wir f\u00fchren diese T\u00e4tigkeiten aus:<\/h2>\n<ul>\n<li>Schneiden von Blechen bis 3.000 x 10 mm St\u00e4rke<\/li>\n<li>Abkanten bis 3 m L\u00e4nge<\/li>\n<li>Schwei\u00dfbaugruppen<\/li>\n<li>CNC Plasmabrennen<\/li>\n<li>Kaltungformung<\/li>\n<li>Bohren<\/li>\n<li>Bearbeitung von Stahlprofilen<\/li>\n<\/ul>\n<p><a href=\"https:\/\/www.stskamenicenl.cz\/de\/kontakty\/\"><strong>Kontaktieren Sie uns \u00fcber unser Kontaktformular oder setzen Sie sich telefonisch mit uns in Verbindung!<\/strong><\/a><\/p>\n<div id='gallery-1' class='gallery galleryid-128 gallery-columns-3 gallery-size-medium'><dl class='gallery-item'>\n\t\t\t<dt class='gallery-icon landscape'>\n\t\t\t\t<a href='https:\/\/www.stskamenicenl.cz\/de\/unsere-produkte\/metallbearbeitung-vom-einzelteil-bis-zur-serienfertigung\/img_20171025_161842\/'><img loading=\"lazy\" decoding=\"async\" width=\"300\" height=\"169\" src=\"data:image\/gif;base64,R0lGODlhAQABAIAAAAAAAP\/\/\/yH5BAEAAAAALAAAAAABAAEAAAIBRAA7\" data-src=\"https:\/\/www.stskamenicenl.cz\/wp-content\/uploads\/2019\/06\/IMG_20171025_161842-300x169.jpg\" class=\"attachment-medium size-medium\" alt=\"\" srcset=\"data:image\/gif;base64,R0lGODlhAQABAIAAAAAAAP\/\/\/yH5BAEAAAAALAAAAAABAAEAAAIBRAA7\" data-srcset=\"https:\/\/www.stskamenicenl.cz\/wp-content\/uploads\/2019\/06\/IMG_20171025_161842-300x169.jpg 300w, https:\/\/www.stskamenicenl.cz\/wp-content\/uploads\/2019\/06\/IMG_20171025_161842-768x432.jpg 768w, https:\/\/www.stskamenicenl.cz\/wp-content\/uploads\/2019\/06\/IMG_20171025_161842-1024x575.jpg 1024w, https:\/\/www.stskamenicenl.cz\/wp-content\/uploads\/2019\/06\/IMG_20171025_161842-220x124.jpg 220w, https:\/\/www.stskamenicenl.cz\/wp-content\/uploads\/2019\/06\/IMG_20171025_161842.jpg 1500w\" sizes=\"auto, (max-width: 300px) 100vw, 300px\" \/><\/a>\n\t\t\t<\/dt><\/dl><dl class='gallery-item'>\n\t\t\t<dt class='gallery-icon landscape'>\n\t\t\t\t<a href='https:\/\/www.stskamenicenl.cz\/de\/unsere-produkte\/metallbearbeitung-vom-einzelteil-bis-zur-serienfertigung\/c5d09691\/'><img loading=\"lazy\" decoding=\"async\" width=\"300\" height=\"200\" src=\"data:image\/gif;base64,R0lGODlhAQABAIAAAAAAAP\/\/\/yH5BAEAAAAALAAAAAABAAEAAAIBRAA7\" data-src=\"https:\/\/www.stskamenicenl.cz\/wp-content\/uploads\/2019\/06\/C5D09691-300x200.jpg\" class=\"attachment-medium size-medium\" alt=\"\" srcset=\"data:image\/gif;base64,R0lGODlhAQABAIAAAAAAAP\/\/\/yH5BAEAAAAALAAAAAABAAEAAAIBRAA7\" data-srcset=\"https:\/\/www.stskamenicenl.cz\/wp-content\/uploads\/2019\/06\/C5D09691-300x200.jpg 300w, https:\/\/www.stskamenicenl.cz\/wp-content\/uploads\/2019\/06\/C5D09691-768x512.jpg 768w, https:\/\/www.stskamenicenl.cz\/wp-content\/uploads\/2019\/06\/C5D09691-1024x683.jpg 1024w, https:\/\/www.stskamenicenl.cz\/wp-content\/uploads\/2019\/06\/C5D09691-220x147.jpg 220w, https:\/\/www.stskamenicenl.cz\/wp-content\/uploads\/2019\/06\/C5D09691.jpg 1500w\" sizes=\"auto, (max-width: 300px) 100vw, 300px\" \/><\/a>\n\t\t\t<\/dt><\/dl><dl class='gallery-item'>\n\t\t\t<dt class='gallery-icon landscape'>\n\t\t\t\t<a href='https:\/\/www.stskamenicenl.cz\/de\/unsere-produkte\/metallbearbeitung-vom-einzelteil-bis-zur-serienfertigung\/c5d09666\/'><img loading=\"lazy\" decoding=\"async\" width=\"300\" height=\"200\" src=\"data:image\/gif;base64,R0lGODlhAQABAIAAAAAAAP\/\/\/yH5BAEAAAAALAAAAAABAAEAAAIBRAA7\" data-src=\"https:\/\/www.stskamenicenl.cz\/wp-content\/uploads\/2019\/06\/C5D09666-300x200.jpg\" class=\"attachment-medium size-medium\" alt=\"\" srcset=\"data:image\/gif;base64,R0lGODlhAQABAIAAAAAAAP\/\/\/yH5BAEAAAAALAAAAAABAAEAAAIBRAA7\" data-srcset=\"https:\/\/www.stskamenicenl.cz\/wp-content\/uploads\/2019\/06\/C5D09666-300x200.jpg 300w, https:\/\/www.stskamenicenl.cz\/wp-content\/uploads\/2019\/06\/C5D09666-768x512.jpg 768w, https:\/\/www.stskamenicenl.cz\/wp-content\/uploads\/2019\/06\/C5D09666-1024x683.jpg 1024w, https:\/\/www.stskamenicenl.cz\/wp-content\/uploads\/2019\/06\/C5D09666-220x147.jpg 220w, https:\/\/www.stskamenicenl.cz\/wp-content\/uploads\/2019\/06\/C5D09666.jpg 1500w\" sizes=\"auto, (max-width: 300px) 100vw, 300px\" \/><\/a>\n\t\t\t<\/dt><\/dl><br style=\"clear: both\" \/><dl class='gallery-item'>\n\t\t\t<dt class='gallery-icon landscape'>\n\t\t\t\t<a href='https:\/\/www.stskamenicenl.cz\/de\/unsere-produkte\/metallbearbeitung-vom-einzelteil-bis-zur-serienfertigung\/c5d08229\/'><img loading=\"lazy\" decoding=\"async\" width=\"300\" height=\"200\" src=\"data:image\/gif;base64,R0lGODlhAQABAIAAAAAAAP\/\/\/yH5BAEAAAAALAAAAAABAAEAAAIBRAA7\" data-src=\"https:\/\/www.stskamenicenl.cz\/wp-content\/uploads\/2019\/06\/C5D08229-300x200.jpg\" class=\"attachment-medium size-medium\" alt=\"\" srcset=\"data:image\/gif;base64,R0lGODlhAQABAIAAAAAAAP\/\/\/yH5BAEAAAAALAAAAAABAAEAAAIBRAA7\" data-srcset=\"https:\/\/www.stskamenicenl.cz\/wp-content\/uploads\/2019\/06\/C5D08229-300x200.jpg 300w, https:\/\/www.stskamenicenl.cz\/wp-content\/uploads\/2019\/06\/C5D08229-768x512.jpg 768w, https:\/\/www.stskamenicenl.cz\/wp-content\/uploads\/2019\/06\/C5D08229-1024x683.jpg 1024w, https:\/\/www.stskamenicenl.cz\/wp-content\/uploads\/2019\/06\/C5D08229-220x147.jpg 220w, https:\/\/www.stskamenicenl.cz\/wp-content\/uploads\/2019\/06\/C5D08229.jpg 1500w\" sizes=\"auto, (max-width: 300px) 100vw, 300px\" \/><\/a>\n\t\t\t<\/dt><\/dl><dl class='gallery-item'>\n\t\t\t<dt class='gallery-icon landscape'>\n\t\t\t\t<a href='https:\/\/www.stskamenicenl.cz\/de\/unsere-produkte\/metallbearbeitung-vom-einzelteil-bis-zur-serienfertigung\/c5d08227\/'><img loading=\"lazy\" decoding=\"async\" width=\"300\" height=\"200\" src=\"data:image\/gif;base64,R0lGODlhAQABAIAAAAAAAP\/\/\/yH5BAEAAAAALAAAAAABAAEAAAIBRAA7\" data-src=\"https:\/\/www.stskamenicenl.cz\/wp-content\/uploads\/2019\/06\/C5D08227-300x200.jpg\" class=\"attachment-medium size-medium\" alt=\"\" srcset=\"data:image\/gif;base64,R0lGODlhAQABAIAAAAAAAP\/\/\/yH5BAEAAAAALAAAAAABAAEAAAIBRAA7\" data-srcset=\"https:\/\/www.stskamenicenl.cz\/wp-content\/uploads\/2019\/06\/C5D08227-300x200.jpg 300w, https:\/\/www.stskamenicenl.cz\/wp-content\/uploads\/2019\/06\/C5D08227-768x512.jpg 768w, https:\/\/www.stskamenicenl.cz\/wp-content\/uploads\/2019\/06\/C5D08227-1024x683.jpg 1024w, https:\/\/www.stskamenicenl.cz\/wp-content\/uploads\/2019\/06\/C5D08227-220x147.jpg 220w, https:\/\/www.stskamenicenl.cz\/wp-content\/uploads\/2019\/06\/C5D08227.jpg 1500w\" sizes=\"auto, (max-width: 300px) 100vw, 300px\" \/><\/a>\n\t\t\t<\/dt><\/dl><dl class='gallery-item'>\n\t\t\t<dt class='gallery-icon landscape'>\n\t\t\t\t<a href='https:\/\/www.stskamenicenl.cz\/de\/unsere-produkte\/metallbearbeitung-vom-einzelteil-bis-zur-serienfertigung\/c5d08217\/'><img loading=\"lazy\" decoding=\"async\" width=\"300\" height=\"200\" src=\"data:image\/gif;base64,R0lGODlhAQABAIAAAAAAAP\/\/\/yH5BAEAAAAALAAAAAABAAEAAAIBRAA7\" data-src=\"https:\/\/www.stskamenicenl.cz\/wp-content\/uploads\/2019\/06\/C5D08217-300x200.jpg\" class=\"attachment-medium size-medium\" alt=\"\" srcset=\"data:image\/gif;base64,R0lGODlhAQABAIAAAAAAAP\/\/\/yH5BAEAAAAALAAAAAABAAEAAAIBRAA7\" data-srcset=\"https:\/\/www.stskamenicenl.cz\/wp-content\/uploads\/2019\/06\/C5D08217-300x200.jpg 300w, https:\/\/www.stskamenicenl.cz\/wp-content\/uploads\/2019\/06\/C5D08217-768x512.jpg 768w, https:\/\/www.stskamenicenl.cz\/wp-content\/uploads\/2019\/06\/C5D08217-1024x683.jpg 1024w, https:\/\/www.stskamenicenl.cz\/wp-content\/uploads\/2019\/06\/C5D08217-220x147.jpg 220w, https:\/\/www.stskamenicenl.cz\/wp-content\/uploads\/2019\/06\/C5D08217.jpg 1500w\" sizes=\"auto, (max-width: 300px) 100vw, 300px\" \/><\/a>\n\t\t\t<\/dt><\/dl><br style=\"clear: both\" \/><dl class='gallery-item'>\n\t\t\t<dt class='gallery-icon portrait'>\n\t\t\t\t<a href='https:\/\/www.stskamenicenl.cz\/de\/unsere-produkte\/metallbearbeitung-vom-einzelteil-bis-zur-serienfertigung\/c5d09648\/'><img loading=\"lazy\" decoding=\"async\" width=\"200\" height=\"300\" src=\"data:image\/gif;base64,R0lGODlhAQABAIAAAAAAAP\/\/\/yH5BAEAAAAALAAAAAABAAEAAAIBRAA7\" data-src=\"https:\/\/www.stskamenicenl.cz\/wp-content\/uploads\/2019\/06\/C5D09648-200x300.jpg\" class=\"attachment-medium size-medium\" alt=\"\" srcset=\"data:image\/gif;base64,R0lGODlhAQABAIAAAAAAAP\/\/\/yH5BAEAAAAALAAAAAABAAEAAAIBRAA7\" data-srcset=\"https:\/\/www.stskamenicenl.cz\/wp-content\/uploads\/2019\/06\/C5D09648-200x300.jpg 200w, https:\/\/www.stskamenicenl.cz\/wp-content\/uploads\/2019\/06\/C5D09648-768x1152.jpg 768w, https:\/\/www.stskamenicenl.cz\/wp-content\/uploads\/2019\/06\/C5D09648-683x1024.jpg 683w, https:\/\/www.stskamenicenl.cz\/wp-content\/uploads\/2019\/06\/C5D09648-220x330.jpg 220w, https:\/\/www.stskamenicenl.cz\/wp-content\/uploads\/2019\/06\/C5D09648.jpg 1500w\" sizes=\"auto, (max-width: 200px) 100vw, 200px\" \/><\/a>\n\t\t\t<\/dt><\/dl><dl class='gallery-item'>\n\t\t\t<dt class='gallery-icon portrait'>\n\t\t\t\t<a href='https:\/\/www.stskamenicenl.cz\/de\/unsere-produkte\/metallbearbeitung-vom-einzelteil-bis-zur-serienfertigung\/c5d09668\/'><img loading=\"lazy\" decoding=\"async\" width=\"200\" height=\"300\" src=\"data:image\/gif;base64,R0lGODlhAQABAIAAAAAAAP\/\/\/yH5BAEAAAAALAAAAAABAAEAAAIBRAA7\" data-src=\"https:\/\/www.stskamenicenl.cz\/wp-content\/uploads\/2019\/06\/C5D09668-200x300.jpg\" class=\"attachment-medium size-medium\" alt=\"\" srcset=\"data:image\/gif;base64,R0lGODlhAQABAIAAAAAAAP\/\/\/yH5BAEAAAAALAAAAAABAAEAAAIBRAA7\" data-srcset=\"https:\/\/www.stskamenicenl.cz\/wp-content\/uploads\/2019\/06\/C5D09668-200x300.jpg 200w, https:\/\/www.stskamenicenl.cz\/wp-content\/uploads\/2019\/06\/C5D09668-768x1152.jpg 768w, https:\/\/www.stskamenicenl.cz\/wp-content\/uploads\/2019\/06\/C5D09668-683x1024.jpg 683w, https:\/\/www.stskamenicenl.cz\/wp-content\/uploads\/2019\/06\/C5D09668-220x330.jpg 220w, https:\/\/www.stskamenicenl.cz\/wp-content\/uploads\/2019\/06\/C5D09668.jpg 1500w\" sizes=\"auto, (max-width: 200px) 100vw, 200px\" \/><\/a>\n\t\t\t<\/dt><\/dl><dl class='gallery-item'>\n\t\t\t<dt class='gallery-icon portrait'>\n\t\t\t\t<a href='https:\/\/www.stskamenicenl.cz\/de\/unsere-produkte\/metallbearbeitung-vom-einzelteil-bis-zur-serienfertigung\/c5d09705\/'><img loading=\"lazy\" decoding=\"async\" width=\"200\" height=\"300\" src=\"data:image\/gif;base64,R0lGODlhAQABAIAAAAAAAP\/\/\/yH5BAEAAAAALAAAAAABAAEAAAIBRAA7\" data-src=\"https:\/\/www.stskamenicenl.cz\/wp-content\/uploads\/2019\/06\/C5D09705-200x300.jpg\" class=\"attachment-medium size-medium\" alt=\"\" srcset=\"data:image\/gif;base64,R0lGODlhAQABAIAAAAAAAP\/\/\/yH5BAEAAAAALAAAAAABAAEAAAIBRAA7\" data-srcset=\"https:\/\/www.stskamenicenl.cz\/wp-content\/uploads\/2019\/06\/C5D09705-200x300.jpg 200w, https:\/\/www.stskamenicenl.cz\/wp-content\/uploads\/2019\/06\/C5D09705-768x1152.jpg 768w, https:\/\/www.stskamenicenl.cz\/wp-content\/uploads\/2019\/06\/C5D09705-683x1024.jpg 683w, https:\/\/www.stskamenicenl.cz\/wp-content\/uploads\/2019\/06\/C5D09705-220x330.jpg 220w, https:\/\/www.stskamenicenl.cz\/wp-content\/uploads\/2019\/06\/C5D09705.jpg 1500w\" sizes=\"auto, (max-width: 200px) 100vw, 200px\" \/><\/a>\n\t\t\t<\/dt><\/dl><br style=\"clear: both\" \/>\n\t\t<\/div>\n\n<p>&nbsp;<\/p>\n","protected":false},"excerpt":{"rendered":"<p>Wir bieten eine Metallbearbeitung und die Bearbeitung von individuellen umfangreichen Einzelauftr\u00e4gen nach Bedarf und lt. der technischen Dokumentation, bei der unser technisches und personelles Potential gen\u00fcntzt wird. Wir akzeptieren sowohl Serien- als auch Einzelbestellungen. Wir sind haupts\u00e4chlich auf die Bearbeitung von Blechen und Profilmaterialien sowie auf die Herstellung von Metallkonstruktionen spezialisiert. Wir f\u00fchren diese T\u00e4tigkeiten&#8230;<\/p>\n","protected":false},"author":1,"featured_media":164,"parent":118,"menu_order":6,"comment_status":"closed","ping_status":"closed","template":"","meta":{"footnotes":""},"class_list":["post-128","page","type-page","status-publish","has-post-thumbnail","hentry"],"yoast_head":"<!-- This site is optimized with the Yoast SEO plugin v25.6 - https:\/\/yoast.com\/wordpress\/plugins\/seo\/ -->\n<title>Metallbearbeitung vom Einzelteil bis zur Serienfertigung - STS Kamenice nad Lipou<\/title>\n<meta name=\"robots\" content=\"index, follow, max-snippet:-1, max-image-preview:large, max-video-preview:-1\" \/>\n<link rel=\"canonical\" href=\"https:\/\/www.stskamenicenl.cz\/de\/unsere-produkte\/metallbearbeitung-vom-einzelteil-bis-zur-serienfertigung\/\" \/>\n<meta property=\"og:locale\" content=\"de_DE\" \/>\n<meta property=\"og:type\" content=\"article\" \/>\n<meta property=\"og:title\" content=\"Metallbearbeitung vom Einzelteil bis zur Serienfertigung - STS Kamenice nad Lipou\" \/>\n<meta property=\"og:description\" content=\"Wir bieten eine Metallbearbeitung und die Bearbeitung von individuellen umfangreichen Einzelauftr\u00e4gen nach Bedarf und lt. der technischen Dokumentation, bei der unser technisches und personelles Potential gen\u00fcntzt wird. Wir akzeptieren sowohl Serien- als auch Einzelbestellungen. Wir sind haupts\u00e4chlich auf die Bearbeitung von Blechen und Profilmaterialien sowie auf die Herstellung von Metallkonstruktionen spezialisiert. Wir f\u00fchren diese T\u00e4tigkeiten...\" \/>\n<meta property=\"og:url\" content=\"https:\/\/www.stskamenicenl.cz\/de\/unsere-produkte\/metallbearbeitung-vom-einzelteil-bis-zur-serienfertigung\/\" \/>\n<meta property=\"og:site_name\" content=\"STS Kamenice nad Lipou\" \/>\n<meta property=\"article:modified_time\" content=\"2019-08-16T11:43:22+00:00\" \/>\n<meta property=\"og:image\" content=\"https:\/\/www.stskamenicenl.cz\/wp-content\/uploads\/2019\/08\/lkgdmmnoikcajmde.png\" \/>\n\t<meta property=\"og:image:width\" content=\"456\" \/>\n\t<meta property=\"og:image:height\" content=\"711\" \/>\n\t<meta property=\"og:image:type\" content=\"image\/png\" \/>\n<meta name=\"twitter:card\" content=\"summary_large_image\" \/>\n<meta name=\"twitter:label1\" content=\"Est. reading time\" \/>\n\t<meta name=\"twitter:data1\" content=\"1 minute\" \/>\n<!-- \/ Yoast SEO plugin. -->","yoast_head_json":{"title":"Metallbearbeitung vom Einzelteil bis zur Serienfertigung - STS Kamenice nad Lipou","robots":{"index":"index","follow":"follow","max-snippet":"max-snippet:-1","max-image-preview":"max-image-preview:large","max-video-preview":"max-video-preview:-1"},"canonical":"https:\/\/www.stskamenicenl.cz\/de\/unsere-produkte\/metallbearbeitung-vom-einzelteil-bis-zur-serienfertigung\/","og_locale":"de_DE","og_type":"article","og_title":"Metallbearbeitung vom Einzelteil bis zur Serienfertigung - STS Kamenice nad Lipou","og_description":"Wir bieten eine Metallbearbeitung und die Bearbeitung von individuellen umfangreichen Einzelauftr\u00e4gen nach Bedarf und lt. der technischen Dokumentation, bei der unser technisches und personelles Potential gen\u00fcntzt wird. Wir akzeptieren sowohl Serien- als auch Einzelbestellungen. Wir sind haupts\u00e4chlich auf die Bearbeitung von Blechen und Profilmaterialien sowie auf die Herstellung von Metallkonstruktionen spezialisiert. Wir f\u00fchren diese T\u00e4tigkeiten...","og_url":"https:\/\/www.stskamenicenl.cz\/de\/unsere-produkte\/metallbearbeitung-vom-einzelteil-bis-zur-serienfertigung\/","og_site_name":"STS Kamenice nad Lipou","article_modified_time":"2019-08-16T11:43:22+00:00","og_image":[{"width":456,"height":711,"url":"https:\/\/www.stskamenicenl.cz\/wp-content\/uploads\/2019\/08\/lkgdmmnoikcajmde.png","type":"image\/png"}],"twitter_card":"summary_large_image","twitter_misc":{"Est. reading time":"1 minute"},"schema":{"@context":"https:\/\/schema.org","@graph":[{"@type":"WebPage","@id":"https:\/\/www.stskamenicenl.cz\/de\/unsere-produkte\/metallbearbeitung-vom-einzelteil-bis-zur-serienfertigung\/","url":"https:\/\/www.stskamenicenl.cz\/de\/unsere-produkte\/metallbearbeitung-vom-einzelteil-bis-zur-serienfertigung\/","name":"Metallbearbeitung vom Einzelteil bis zur Serienfertigung - STS Kamenice nad Lipou","isPartOf":{"@id":"https:\/\/www.stskamenicenl.cz\/#website"},"primaryImageOfPage":{"@id":"https:\/\/www.stskamenicenl.cz\/de\/unsere-produkte\/metallbearbeitung-vom-einzelteil-bis-zur-serienfertigung\/#primaryimage"},"image":{"@id":"https:\/\/www.stskamenicenl.cz\/de\/unsere-produkte\/metallbearbeitung-vom-einzelteil-bis-zur-serienfertigung\/#primaryimage"},"thumbnailUrl":"https:\/\/www.stskamenicenl.cz\/wp-content\/uploads\/2019\/08\/lkgdmmnoikcajmde.png","datePublished":"2019-08-16T10:32:25+00:00","dateModified":"2019-08-16T11:43:22+00:00","breadcrumb":{"@id":"https:\/\/www.stskamenicenl.cz\/de\/unsere-produkte\/metallbearbeitung-vom-einzelteil-bis-zur-serienfertigung\/#breadcrumb"},"inLanguage":"de-DE","potentialAction":[{"@type":"ReadAction","target":["https:\/\/www.stskamenicenl.cz\/de\/unsere-produkte\/metallbearbeitung-vom-einzelteil-bis-zur-serienfertigung\/"]}]},{"@type":"ImageObject","inLanguage":"de-DE","@id":"https:\/\/www.stskamenicenl.cz\/de\/unsere-produkte\/metallbearbeitung-vom-einzelteil-bis-zur-serienfertigung\/#primaryimage","url":"https:\/\/www.stskamenicenl.cz\/wp-content\/uploads\/2019\/08\/lkgdmmnoikcajmde.png","contentUrl":"https:\/\/www.stskamenicenl.cz\/wp-content\/uploads\/2019\/08\/lkgdmmnoikcajmde.png","width":456,"height":711},{"@type":"BreadcrumbList","@id":"https:\/\/www.stskamenicenl.cz\/de\/unsere-produkte\/metallbearbeitung-vom-einzelteil-bis-zur-serienfertigung\/#breadcrumb","itemListElement":[{"@type":"ListItem","position":1,"name":"Dom\u016f","item":"https:\/\/www.stskamenicenl.cz\/de\/"},{"@type":"ListItem","position":2,"name":"Unsere Produkte","item":"https:\/\/www.stskamenicenl.cz\/de\/unsere-produkte\/"},{"@type":"ListItem","position":3,"name":"Metallbearbeitung vom Einzelteil bis zur Serienfertigung"}]},{"@type":"WebSite","@id":"https:\/\/www.stskamenicenl.cz\/#website","url":"https:\/\/www.stskamenicenl.cz\/","name":"STS Kamenice nad Lipou","description":"Oprava traktor\u016f a v\u00fdrobna n\u00e1hradn\u00edch d\u00edl\u016f","potentialAction":[{"@type":"SearchAction","target":{"@type":"EntryPoint","urlTemplate":"https:\/\/www.stskamenicenl.cz\/?s={search_term_string}"},"query-input":{"@type":"PropertyValueSpecification","valueRequired":true,"valueName":"search_term_string"}}],"inLanguage":"de-DE"}]}},"_links":{"self":[{"href":"https:\/\/www.stskamenicenl.cz\/de\/wp-json\/wp\/v2\/pages\/128","targetHints":{"allow":["GET"]}}],"collection":[{"href":"https:\/\/www.stskamenicenl.cz\/de\/wp-json\/wp\/v2\/pages"}],"about":[{"href":"https:\/\/www.stskamenicenl.cz\/de\/wp-json\/wp\/v2\/types\/page"}],"author":[{"embeddable":true,"href":"https:\/\/www.stskamenicenl.cz\/de\/wp-json\/wp\/v2\/users\/1"}],"replies":[{"embeddable":true,"href":"https:\/\/www.stskamenicenl.cz\/de\/wp-json\/wp\/v2\/comments?post=128"}],"version-history":[{"count":0,"href":"https:\/\/www.stskamenicenl.cz\/de\/wp-json\/wp\/v2\/pages\/128\/revisions"}],"up":[{"embeddable":true,"href":"https:\/\/www.stskamenicenl.cz\/de\/wp-json\/wp\/v2\/pages\/118"}],"wp:featuredmedia":[{"embeddable":true,"href":"https:\/\/www.stskamenicenl.cz\/de\/wp-json\/wp\/v2\/media\/164"}],"wp:attachment":[{"href":"https:\/\/www.stskamenicenl.cz\/de\/wp-json\/wp\/v2\/media?parent=128"}],"curies":[{"name":"wp","href":"https:\/\/api.w.org\/{rel}","templated":true}]}}