{"id":119,"date":"2019-08-16T12:30:25","date_gmt":"2019-08-16T10:30:25","guid":{"rendered":"https:\/\/www.stskamenicenl.cz\/?page_id=119"},"modified":"2019-08-16T13:42:25","modified_gmt":"2019-08-16T11:42:25","slug":"fertigung-wartung-und-verkauf-von-hydraulischen-scherenhebebuehnen","status":"publish","type":"page","link":"https:\/\/www.stskamenicenl.cz\/de\/unsere-produkte\/fertigung-wartung-und-verkauf-von-hydraulischen-scherenhebebuehnen\/","title":{"rendered":"Fertigung, Wartung und Verkauf von hydraulischen Scherenhebeb\u00fchnen"},"content":{"rendered":"<p>Wir besch\u00e4ftigen uns mit der Einzelfertigung, der Konstruktionen, Fertigung, Wartung und dem Verkauf von hydraulischen Scherenhebeb\u00fchnen und hydraulischen \u00dcberladebr\u00fccken (Klappkeil-Br\u00fccke-Hydraulisch). Fragen Sie Scherenhebeb\u00fchnen laut Ihrer eigenen Bed\u00fcrfnissen bei uns nach. Wir haben umfangreiche Erfahrungen in diesem Bereich. Sie erhalten von uns nicht nur eine zuverl\u00e4ssige Anlage, sondern auch einen hervorragenden Service und eine hervorragende Kundenbetreuung.<\/p>\n<ul>\n<li>Einzelfertigung der Konstruktionen nach Ihrem individuellen Bedarf (mit einem Gesamtgewicht der B\u00fchne von bis zu 6000 kg und einem Hub von bis 5,3 m)<\/li>\n<li>Langj\u00e4hrige Erfahrung<\/li>\n<li>Fertigung, Montage, Service und Verkauf<\/li>\n<li>Beschichtung nach Ihrem individuellen Bedarf lt. Musterkarte RAL<\/li>\n<\/ul>\n<div id='gallery-1' class='gallery galleryid-119 gallery-columns-3 gallery-size-medium'><dl class='gallery-item'>\n\t\t\t<dt class='gallery-icon landscape'>\n\t\t\t\t<a href='https:\/\/www.stskamenicenl.cz\/de\/unsere-produkte\/fertigung-wartung-und-verkauf-von-hydraulischen-scherenhebebuehnen\/20170114_120525\/'><img loading=\"lazy\" decoding=\"async\" width=\"300\" height=\"180\" src=\"data:image\/gif;base64,R0lGODlhAQABAIAAAAAAAP\/\/\/yH5BAEAAAAALAAAAAABAAEAAAIBRAA7\" data-src=\"https:\/\/www.stskamenicenl.cz\/wp-content\/uploads\/2019\/06\/20170114_120525-300x180.jpg\" class=\"attachment-medium size-medium\" alt=\"\" srcset=\"data:image\/gif;base64,R0lGODlhAQABAIAAAAAAAP\/\/\/yH5BAEAAAAALAAAAAABAAEAAAIBRAA7\" data-srcset=\"https:\/\/www.stskamenicenl.cz\/wp-content\/uploads\/2019\/06\/20170114_120525-300x180.jpg 300w, https:\/\/www.stskamenicenl.cz\/wp-content\/uploads\/2019\/06\/20170114_120525-768x461.jpg 768w, https:\/\/www.stskamenicenl.cz\/wp-content\/uploads\/2019\/06\/20170114_120525-1024x614.jpg 1024w, https:\/\/www.stskamenicenl.cz\/wp-content\/uploads\/2019\/06\/20170114_120525-220x132.jpg 220w, https:\/\/www.stskamenicenl.cz\/wp-content\/uploads\/2019\/06\/20170114_120525.jpg 1500w\" sizes=\"auto, (max-width: 300px) 100vw, 300px\" \/><\/a>\n\t\t\t<\/dt><\/dl><dl class='gallery-item'>\n\t\t\t<dt class='gallery-icon landscape'>\n\t\t\t\t<a href='https:\/\/www.stskamenicenl.cz\/de\/unsere-produkte\/fertigung-wartung-und-verkauf-von-hydraulischen-scherenhebebuehnen\/c5d09672\/'><img loading=\"lazy\" decoding=\"async\" width=\"300\" height=\"200\" src=\"data:image\/gif;base64,R0lGODlhAQABAIAAAAAAAP\/\/\/yH5BAEAAAAALAAAAAABAAEAAAIBRAA7\" data-src=\"https:\/\/www.stskamenicenl.cz\/wp-content\/uploads\/2019\/06\/C5D09672-300x200.jpg\" class=\"attachment-medium size-medium\" alt=\"\" srcset=\"data:image\/gif;base64,R0lGODlhAQABAIAAAAAAAP\/\/\/yH5BAEAAAAALAAAAAABAAEAAAIBRAA7\" data-srcset=\"https:\/\/www.stskamenicenl.cz\/wp-content\/uploads\/2019\/06\/C5D09672-300x200.jpg 300w, https:\/\/www.stskamenicenl.cz\/wp-content\/uploads\/2019\/06\/C5D09672-768x512.jpg 768w, https:\/\/www.stskamenicenl.cz\/wp-content\/uploads\/2019\/06\/C5D09672-1024x683.jpg 1024w, https:\/\/www.stskamenicenl.cz\/wp-content\/uploads\/2019\/06\/C5D09672-220x147.jpg 220w, https:\/\/www.stskamenicenl.cz\/wp-content\/uploads\/2019\/06\/C5D09672.jpg 1500w\" sizes=\"auto, (max-width: 300px) 100vw, 300px\" \/><\/a>\n\t\t\t<\/dt><\/dl><dl class='gallery-item'>\n\t\t\t<dt class='gallery-icon landscape'>\n\t\t\t\t<a href='https:\/\/www.stskamenicenl.cz\/de\/unsere-produkte\/fertigung-wartung-und-verkauf-von-hydraulischen-scherenhebebuehnen\/img_3014\/'><img loading=\"lazy\" decoding=\"async\" width=\"300\" height=\"225\" src=\"data:image\/gif;base64,R0lGODlhAQABAIAAAAAAAP\/\/\/yH5BAEAAAAALAAAAAABAAEAAAIBRAA7\" data-src=\"https:\/\/www.stskamenicenl.cz\/wp-content\/uploads\/2019\/06\/IMG_3014-300x225.jpg\" class=\"attachment-medium size-medium\" alt=\"\" srcset=\"data:image\/gif;base64,R0lGODlhAQABAIAAAAAAAP\/\/\/yH5BAEAAAAALAAAAAABAAEAAAIBRAA7\" data-srcset=\"https:\/\/www.stskamenicenl.cz\/wp-content\/uploads\/2019\/06\/IMG_3014-300x225.jpg 300w, https:\/\/www.stskamenicenl.cz\/wp-content\/uploads\/2019\/06\/IMG_3014-768x576.jpg 768w, https:\/\/www.stskamenicenl.cz\/wp-content\/uploads\/2019\/06\/IMG_3014-1024x768.jpg 1024w, https:\/\/www.stskamenicenl.cz\/wp-content\/uploads\/2019\/06\/IMG_3014-427x320.jpg 427w, https:\/\/www.stskamenicenl.cz\/wp-content\/uploads\/2019\/06\/IMG_3014-640x480.jpg 640w, https:\/\/www.stskamenicenl.cz\/wp-content\/uploads\/2019\/06\/IMG_3014-220x165.jpg 220w, https:\/\/www.stskamenicenl.cz\/wp-content\/uploads\/2019\/06\/IMG_3014.jpg 1600w\" sizes=\"auto, (max-width: 300px) 100vw, 300px\" \/><\/a>\n\t\t\t<\/dt><\/dl><br style=\"clear: both\" \/><dl class='gallery-item'>\n\t\t\t<dt class='gallery-icon landscape'>\n\t\t\t\t<a href='https:\/\/www.stskamenicenl.cz\/de\/unsere-produkte\/fertigung-wartung-und-verkauf-von-hydraulischen-scherenhebebuehnen\/cof-2\/'><img loading=\"lazy\" decoding=\"async\" width=\"300\" height=\"169\" src=\"data:image\/gif;base64,R0lGODlhAQABAIAAAAAAAP\/\/\/yH5BAEAAAAALAAAAAABAAEAAAIBRAA7\" data-src=\"https:\/\/www.stskamenicenl.cz\/wp-content\/uploads\/2019\/06\/IMG_20190430_114658-300x169.jpg\" class=\"attachment-medium size-medium\" alt=\"\" srcset=\"data:image\/gif;base64,R0lGODlhAQABAIAAAAAAAP\/\/\/yH5BAEAAAAALAAAAAABAAEAAAIBRAA7\" data-srcset=\"https:\/\/www.stskamenicenl.cz\/wp-content\/uploads\/2019\/06\/IMG_20190430_114658-300x169.jpg 300w, https:\/\/www.stskamenicenl.cz\/wp-content\/uploads\/2019\/06\/IMG_20190430_114658-768x433.jpg 768w, https:\/\/www.stskamenicenl.cz\/wp-content\/uploads\/2019\/06\/IMG_20190430_114658-1024x578.jpg 1024w, https:\/\/www.stskamenicenl.cz\/wp-content\/uploads\/2019\/06\/IMG_20190430_114658-220x124.jpg 220w, https:\/\/www.stskamenicenl.cz\/wp-content\/uploads\/2019\/06\/IMG_20190430_114658.jpg 1500w\" sizes=\"auto, (max-width: 300px) 100vw, 300px\" \/><\/a>\n\t\t\t<\/dt><\/dl><dl class='gallery-item'>\n\t\t\t<dt class='gallery-icon landscape'>\n\t\t\t\t<a href='https:\/\/www.stskamenicenl.cz\/de\/unsere-produkte\/fertigung-wartung-und-verkauf-von-hydraulischen-scherenhebebuehnen\/obraz006\/'><img loading=\"lazy\" decoding=\"async\" width=\"300\" height=\"225\" src=\"data:image\/gif;base64,R0lGODlhAQABAIAAAAAAAP\/\/\/yH5BAEAAAAALAAAAAABAAEAAAIBRAA7\" data-src=\"https:\/\/www.stskamenicenl.cz\/wp-content\/uploads\/2019\/06\/Obraz006-300x225.jpg\" class=\"attachment-medium size-medium\" alt=\"\" srcset=\"data:image\/gif;base64,R0lGODlhAQABAIAAAAAAAP\/\/\/yH5BAEAAAAALAAAAAABAAEAAAIBRAA7\" data-srcset=\"https:\/\/www.stskamenicenl.cz\/wp-content\/uploads\/2019\/06\/Obraz006-300x225.jpg 300w, https:\/\/www.stskamenicenl.cz\/wp-content\/uploads\/2019\/06\/Obraz006-768x576.jpg 768w, https:\/\/www.stskamenicenl.cz\/wp-content\/uploads\/2019\/06\/Obraz006-1024x768.jpg 1024w, https:\/\/www.stskamenicenl.cz\/wp-content\/uploads\/2019\/06\/Obraz006-427x320.jpg 427w, https:\/\/www.stskamenicenl.cz\/wp-content\/uploads\/2019\/06\/Obraz006-640x480.jpg 640w, https:\/\/www.stskamenicenl.cz\/wp-content\/uploads\/2019\/06\/Obraz006-220x165.jpg 220w, https:\/\/www.stskamenicenl.cz\/wp-content\/uploads\/2019\/06\/Obraz006.jpg 1600w\" sizes=\"auto, (max-width: 300px) 100vw, 300px\" \/><\/a>\n\t\t\t<\/dt><\/dl><dl class='gallery-item'>\n\t\t\t<dt class='gallery-icon landscape'>\n\t\t\t\t<a href='https:\/\/www.stskamenicenl.cz\/de\/unsere-produkte\/fertigung-wartung-und-verkauf-von-hydraulischen-scherenhebebuehnen\/plosiny_1\/'><img loading=\"lazy\" decoding=\"async\" width=\"300\" height=\"225\" src=\"https:\/\/www.stskamenicenl.cz\/wp-content\/uploads\/2019\/06\/Plos\u030ciny_1-300x225.jpg\" class=\"attachment-medium size-medium\" alt=\"\" srcset=\"https:\/\/www.stskamenicenl.cz\/wp-content\/uploads\/2019\/06\/Plos\u030ciny_1-300x225.jpg 300w, https:\/\/www.stskamenicenl.cz\/wp-content\/uploads\/2019\/06\/Plos\u030ciny_1-768x576.jpg 768w, https:\/\/www.stskamenicenl.cz\/wp-content\/uploads\/2019\/06\/Plos\u030ciny_1-427x320.jpg 427w, https:\/\/www.stskamenicenl.cz\/wp-content\/uploads\/2019\/06\/Plos\u030ciny_1-640x480.jpg 640w, https:\/\/www.stskamenicenl.cz\/wp-content\/uploads\/2019\/06\/Plos\u030ciny_1-220x165.jpg 220w, https:\/\/www.stskamenicenl.cz\/wp-content\/uploads\/2019\/06\/Plos\u030ciny_1.jpg 800w\" sizes=\"auto, (max-width: 300px) 100vw, 300px\" \/><\/a>\n\t\t\t<\/dt><\/dl><br style=\"clear: both\" \/>\n\t\t<\/div>\n\n","protected":false},"excerpt":{"rendered":"<p>Zak\u00e1zkov\u00e1 konstrukce a v\u00fdroba zvedac\u00edch plo\u0161in n\u016f\u017ekov\u00e9 konstrukce<\/p>\n","protected":false},"author":1,"featured_media":120,"parent":118,"menu_order":4,"comment_status":"closed","ping_status":"closed","template":"","meta":{"footnotes":""},"class_list":["post-119","page","type-page","status-publish","has-post-thumbnail","hentry"],"yoast_head":"<!-- This site is optimized with the Yoast SEO plugin v25.6 - https:\/\/yoast.com\/wordpress\/plugins\/seo\/ -->\n<title>Fertigung, Wartung und Verkauf von hydraulischen Scherenhebeb\u00fchnen - STS Kamenice nad Lipou<\/title>\n<meta name=\"robots\" content=\"index, follow, max-snippet:-1, max-image-preview:large, max-video-preview:-1\" \/>\n<link rel=\"canonical\" href=\"https:\/\/www.stskamenicenl.cz\/de\/unsere-produkte\/fertigung-wartung-und-verkauf-von-hydraulischen-scherenhebebuehnen\/\" \/>\n<meta property=\"og:locale\" content=\"de_DE\" \/>\n<meta property=\"og:type\" content=\"article\" \/>\n<meta property=\"og:title\" content=\"Fertigung, Wartung und Verkauf von hydraulischen Scherenhebeb\u00fchnen - STS Kamenice nad Lipou\" \/>\n<meta property=\"og:description\" content=\"Zak\u00e1zkov\u00e1 konstrukce a v\u00fdroba zvedac\u00edch plo\u0161in n\u016f\u017ekov\u00e9 konstrukce\" \/>\n<meta property=\"og:url\" content=\"https:\/\/www.stskamenicenl.cz\/de\/unsere-produkte\/fertigung-wartung-und-verkauf-von-hydraulischen-scherenhebebuehnen\/\" \/>\n<meta property=\"og:site_name\" content=\"STS Kamenice nad Lipou\" \/>\n<meta property=\"article:modified_time\" content=\"2019-08-16T11:42:25+00:00\" \/>\n<meta property=\"og:image\" content=\"https:\/\/www.stskamenicenl.cz\/wp-content\/uploads\/2019\/05\/plosina.jpg\" \/>\n\t<meta property=\"og:image:width\" content=\"3968\" \/>\n\t<meta property=\"og:image:height\" content=\"2240\" \/>\n\t<meta property=\"og:image:type\" content=\"image\/jpeg\" \/>\n<meta name=\"twitter:card\" content=\"summary_large_image\" \/>\n<meta name=\"twitter:label1\" content=\"Est. reading time\" \/>\n\t<meta name=\"twitter:data1\" content=\"1 minute\" \/>\n<!-- \/ Yoast SEO plugin. -->","yoast_head_json":{"title":"Fertigung, Wartung und Verkauf von hydraulischen Scherenhebeb\u00fchnen - STS Kamenice nad Lipou","robots":{"index":"index","follow":"follow","max-snippet":"max-snippet:-1","max-image-preview":"max-image-preview:large","max-video-preview":"max-video-preview:-1"},"canonical":"https:\/\/www.stskamenicenl.cz\/de\/unsere-produkte\/fertigung-wartung-und-verkauf-von-hydraulischen-scherenhebebuehnen\/","og_locale":"de_DE","og_type":"article","og_title":"Fertigung, Wartung und Verkauf von hydraulischen Scherenhebeb\u00fchnen - STS Kamenice nad Lipou","og_description":"Zak\u00e1zkov\u00e1 konstrukce a v\u00fdroba zvedac\u00edch plo\u0161in n\u016f\u017ekov\u00e9 konstrukce","og_url":"https:\/\/www.stskamenicenl.cz\/de\/unsere-produkte\/fertigung-wartung-und-verkauf-von-hydraulischen-scherenhebebuehnen\/","og_site_name":"STS Kamenice nad Lipou","article_modified_time":"2019-08-16T11:42:25+00:00","og_image":[{"width":3968,"height":2240,"url":"https:\/\/www.stskamenicenl.cz\/wp-content\/uploads\/2019\/05\/plosina.jpg","type":"image\/jpeg"}],"twitter_card":"summary_large_image","twitter_misc":{"Est. reading time":"1 minute"},"schema":{"@context":"https:\/\/schema.org","@graph":[{"@type":"WebPage","@id":"https:\/\/www.stskamenicenl.cz\/de\/unsere-produkte\/fertigung-wartung-und-verkauf-von-hydraulischen-scherenhebebuehnen\/","url":"https:\/\/www.stskamenicenl.cz\/de\/unsere-produkte\/fertigung-wartung-und-verkauf-von-hydraulischen-scherenhebebuehnen\/","name":"Fertigung, Wartung und Verkauf von hydraulischen Scherenhebeb\u00fchnen - STS Kamenice nad Lipou","isPartOf":{"@id":"https:\/\/www.stskamenicenl.cz\/#website"},"primaryImageOfPage":{"@id":"https:\/\/www.stskamenicenl.cz\/de\/unsere-produkte\/fertigung-wartung-und-verkauf-von-hydraulischen-scherenhebebuehnen\/#primaryimage"},"image":{"@id":"https:\/\/www.stskamenicenl.cz\/de\/unsere-produkte\/fertigung-wartung-und-verkauf-von-hydraulischen-scherenhebebuehnen\/#primaryimage"},"thumbnailUrl":"https:\/\/www.stskamenicenl.cz\/wp-content\/uploads\/2019\/05\/plosina.jpg","datePublished":"2019-08-16T10:30:25+00:00","dateModified":"2019-08-16T11:42:25+00:00","breadcrumb":{"@id":"https:\/\/www.stskamenicenl.cz\/de\/unsere-produkte\/fertigung-wartung-und-verkauf-von-hydraulischen-scherenhebebuehnen\/#breadcrumb"},"inLanguage":"de-DE","potentialAction":[{"@type":"ReadAction","target":["https:\/\/www.stskamenicenl.cz\/de\/unsere-produkte\/fertigung-wartung-und-verkauf-von-hydraulischen-scherenhebebuehnen\/"]}]},{"@type":"ImageObject","inLanguage":"de-DE","@id":"https:\/\/www.stskamenicenl.cz\/de\/unsere-produkte\/fertigung-wartung-und-verkauf-von-hydraulischen-scherenhebebuehnen\/#primaryimage","url":"https:\/\/www.stskamenicenl.cz\/wp-content\/uploads\/2019\/05\/plosina.jpg","contentUrl":"https:\/\/www.stskamenicenl.cz\/wp-content\/uploads\/2019\/05\/plosina.jpg","width":3968,"height":2240,"caption":"cof"},{"@type":"BreadcrumbList","@id":"https:\/\/www.stskamenicenl.cz\/de\/unsere-produkte\/fertigung-wartung-und-verkauf-von-hydraulischen-scherenhebebuehnen\/#breadcrumb","itemListElement":[{"@type":"ListItem","position":1,"name":"Dom\u016f","item":"https:\/\/www.stskamenicenl.cz\/de\/"},{"@type":"ListItem","position":2,"name":"Unsere Produkte","item":"https:\/\/www.stskamenicenl.cz\/de\/unsere-produkte\/"},{"@type":"ListItem","position":3,"name":"Fertigung, Wartung und Verkauf von hydraulischen Scherenhebeb\u00fchnen"}]},{"@type":"WebSite","@id":"https:\/\/www.stskamenicenl.cz\/#website","url":"https:\/\/www.stskamenicenl.cz\/","name":"STS Kamenice nad Lipou","description":"Oprava traktor\u016f a v\u00fdrobna n\u00e1hradn\u00edch d\u00edl\u016f","potentialAction":[{"@type":"SearchAction","target":{"@type":"EntryPoint","urlTemplate":"https:\/\/www.stskamenicenl.cz\/?s={search_term_string}"},"query-input":{"@type":"PropertyValueSpecification","valueRequired":true,"valueName":"search_term_string"}}],"inLanguage":"de-DE"}]}},"_links":{"self":[{"href":"https:\/\/www.stskamenicenl.cz\/de\/wp-json\/wp\/v2\/pages\/119","targetHints":{"allow":["GET"]}}],"collection":[{"href":"https:\/\/www.stskamenicenl.cz\/de\/wp-json\/wp\/v2\/pages"}],"about":[{"href":"https:\/\/www.stskamenicenl.cz\/de\/wp-json\/wp\/v2\/types\/page"}],"author":[{"embeddable":true,"href":"https:\/\/www.stskamenicenl.cz\/de\/wp-json\/wp\/v2\/users\/1"}],"replies":[{"embeddable":true,"href":"https:\/\/www.stskamenicenl.cz\/de\/wp-json\/wp\/v2\/comments?post=119"}],"version-history":[{"count":0,"href":"https:\/\/www.stskamenicenl.cz\/de\/wp-json\/wp\/v2\/pages\/119\/revisions"}],"up":[{"embeddable":true,"href":"https:\/\/www.stskamenicenl.cz\/de\/wp-json\/wp\/v2\/pages\/118"}],"wp:featuredmedia":[{"embeddable":true,"href":"https:\/\/www.stskamenicenl.cz\/de\/wp-json\/wp\/v2\/media\/120"}],"wp:attachment":[{"href":"https:\/\/www.stskamenicenl.cz\/de\/wp-json\/wp\/v2\/media?parent=119"}],"curies":[{"name":"wp","href":"https:\/\/api.w.org\/{rel}","templated":true}]}}