{"id":118,"date":"2019-08-16T12:27:46","date_gmt":"2019-08-16T10:27:46","guid":{"rendered":"https:\/\/www.stskamenicenl.cz\/?page_id=118"},"modified":"2019-08-16T12:27:46","modified_gmt":"2019-08-16T10:27:46","slug":"unsere-produkte","status":"publish","type":"page","link":"https:\/\/www.stskamenicenl.cz\/de\/unsere-produkte\/","title":{"rendered":"Unsere Produkte"},"content":{"rendered":"<p>\u0160\u00ed\u0159e slu\u017eeb, kter\u00e9 si u n\u00e1s m\u016f\u017eete objednat je vskutku velik\u00e1. Ka\u017ed\u00e9 v\u011bnujeme maxim\u00e1ln\u00ed pozornost a pe\u010dlivost. Lid\u00e9, kte\u0159\u00ed pro v\u00e1s budou pracovat jsou ve sv\u00e9m oboru respektovan\u00fdmi odborn\u00edky a sv\u00e9mu \u0159emeslu dokonale rozum\u00ed. <strong>A\u0165 u\u017e pot\u0159ebujete sv\u016fj stroj objednat na opravu, donmluvit term\u00edn, nebo jen po\u017e\u00e1dat o konzultaci, v\u017edy se v\u00e1m budeme ochotn\u011b v\u011bnovat.<\/strong><\/p>\n<p><a href=\"https:\/\/www.stskamenicenl.cz\/kontakt\/\"><strong>Kontaktujte n\u00e1s, t\u011b\u0161\u00edme se na v\u00e1s.<\/strong><\/a><\/p>\n","protected":false},"excerpt":{"rendered":"<p>\u0160\u00ed\u0159e slu\u017eeb, kter\u00e9 si u n\u00e1s m\u016f\u017eete objednat je vskutku velik\u00e1. Ka\u017ed\u00e9 v\u011bnujeme maxim\u00e1ln\u00ed pozornost a pe\u010dlivost. Lid\u00e9, kte\u0159\u00ed pro v\u00e1s budou pracovat jsou ve sv\u00e9m oboru respektovan\u00fdmi odborn\u00edky a sv\u00e9mu \u0159emeslu dokonale rozum\u00ed. A\u0165 u\u017e pot\u0159ebujete sv\u016fj stroj objednat na opravu, donmluvit term\u00edn, nebo jen po\u017e\u00e1dat o konzultaci, v\u017edy se v\u00e1m budeme ochotn\u011b v\u011bnovat&#8230;.<\/p>\n","protected":false},"author":1,"featured_media":0,"parent":0,"menu_order":0,"comment_status":"closed","ping_status":"closed","template":"pages\/page-signpost.php","meta":{"footnotes":""},"class_list":["post-118","page","type-page","status-publish","hentry"],"yoast_head":"<!-- This site is optimized with the Yoast SEO plugin v25.6 - https:\/\/yoast.com\/wordpress\/plugins\/seo\/ -->\n<title>Unsere Produkte - STS Kamenice nad Lipou<\/title>\n<meta name=\"robots\" content=\"index, follow, max-snippet:-1, max-image-preview:large, max-video-preview:-1\" \/>\n<link rel=\"canonical\" href=\"https:\/\/www.stskamenicenl.cz\/de\/unsere-produkte\/\" \/>\n<meta property=\"og:locale\" content=\"de_DE\" \/>\n<meta property=\"og:type\" content=\"article\" \/>\n<meta property=\"og:title\" content=\"Unsere Produkte - STS Kamenice nad Lipou\" \/>\n<meta property=\"og:description\" content=\"\u0160\u00ed\u0159e slu\u017eeb, kter\u00e9 si u n\u00e1s m\u016f\u017eete objednat je vskutku velik\u00e1. Ka\u017ed\u00e9 v\u011bnujeme maxim\u00e1ln\u00ed pozornost a pe\u010dlivost. Lid\u00e9, kte\u0159\u00ed pro v\u00e1s budou pracovat jsou ve sv\u00e9m oboru respektovan\u00fdmi odborn\u00edky a sv\u00e9mu \u0159emeslu dokonale rozum\u00ed. A\u0165 u\u017e pot\u0159ebujete sv\u016fj stroj objednat na opravu, donmluvit term\u00edn, nebo jen po\u017e\u00e1dat o konzultaci, v\u017edy se v\u00e1m budeme ochotn\u011b v\u011bnovat....\" \/>\n<meta property=\"og:url\" content=\"https:\/\/www.stskamenicenl.cz\/de\/unsere-produkte\/\" \/>\n<meta property=\"og:site_name\" content=\"STS Kamenice nad Lipou\" \/>\n<meta name=\"twitter:card\" content=\"summary_large_image\" \/>\n<!-- \/ Yoast SEO plugin. -->","yoast_head_json":{"title":"Unsere Produkte - STS Kamenice nad Lipou","robots":{"index":"index","follow":"follow","max-snippet":"max-snippet:-1","max-image-preview":"max-image-preview:large","max-video-preview":"max-video-preview:-1"},"canonical":"https:\/\/www.stskamenicenl.cz\/de\/unsere-produkte\/","og_locale":"de_DE","og_type":"article","og_title":"Unsere Produkte - STS Kamenice nad Lipou","og_description":"\u0160\u00ed\u0159e slu\u017eeb, kter\u00e9 si u n\u00e1s m\u016f\u017eete objednat je vskutku velik\u00e1. Ka\u017ed\u00e9 v\u011bnujeme maxim\u00e1ln\u00ed pozornost a pe\u010dlivost. Lid\u00e9, kte\u0159\u00ed pro v\u00e1s budou pracovat jsou ve sv\u00e9m oboru respektovan\u00fdmi odborn\u00edky a sv\u00e9mu \u0159emeslu dokonale rozum\u00ed. A\u0165 u\u017e pot\u0159ebujete sv\u016fj stroj objednat na opravu, donmluvit term\u00edn, nebo jen po\u017e\u00e1dat o konzultaci, v\u017edy se v\u00e1m budeme ochotn\u011b v\u011bnovat....","og_url":"https:\/\/www.stskamenicenl.cz\/de\/unsere-produkte\/","og_site_name":"STS Kamenice nad Lipou","twitter_card":"summary_large_image","schema":{"@context":"https:\/\/schema.org","@graph":[{"@type":"WebPage","@id":"https:\/\/www.stskamenicenl.cz\/de\/unsere-produkte\/","url":"https:\/\/www.stskamenicenl.cz\/de\/unsere-produkte\/","name":"Unsere Produkte - STS Kamenice nad Lipou","isPartOf":{"@id":"https:\/\/www.stskamenicenl.cz\/#website"},"datePublished":"2019-08-16T10:27:46+00:00","breadcrumb":{"@id":"https:\/\/www.stskamenicenl.cz\/de\/unsere-produkte\/#breadcrumb"},"inLanguage":"de-DE","potentialAction":[{"@type":"ReadAction","target":["https:\/\/www.stskamenicenl.cz\/de\/unsere-produkte\/"]}]},{"@type":"BreadcrumbList","@id":"https:\/\/www.stskamenicenl.cz\/de\/unsere-produkte\/#breadcrumb","itemListElement":[{"@type":"ListItem","position":1,"name":"Dom\u016f","item":"https:\/\/www.stskamenicenl.cz\/de\/"},{"@type":"ListItem","position":2,"name":"Unsere Produkte"}]},{"@type":"WebSite","@id":"https:\/\/www.stskamenicenl.cz\/#website","url":"https:\/\/www.stskamenicenl.cz\/","name":"STS Kamenice nad Lipou","description":"Oprava traktor\u016f a v\u00fdrobna n\u00e1hradn\u00edch d\u00edl\u016f","potentialAction":[{"@type":"SearchAction","target":{"@type":"EntryPoint","urlTemplate":"https:\/\/www.stskamenicenl.cz\/?s={search_term_string}"},"query-input":{"@type":"PropertyValueSpecification","valueRequired":true,"valueName":"search_term_string"}}],"inLanguage":"de-DE"}]}},"_links":{"self":[{"href":"https:\/\/www.stskamenicenl.cz\/de\/wp-json\/wp\/v2\/pages\/118","targetHints":{"allow":["GET"]}}],"collection":[{"href":"https:\/\/www.stskamenicenl.cz\/de\/wp-json\/wp\/v2\/pages"}],"about":[{"href":"https:\/\/www.stskamenicenl.cz\/de\/wp-json\/wp\/v2\/types\/page"}],"author":[{"embeddable":true,"href":"https:\/\/www.stskamenicenl.cz\/de\/wp-json\/wp\/v2\/users\/1"}],"replies":[{"embeddable":true,"href":"https:\/\/www.stskamenicenl.cz\/de\/wp-json\/wp\/v2\/comments?post=118"}],"version-history":[{"count":0,"href":"https:\/\/www.stskamenicenl.cz\/de\/wp-json\/wp\/v2\/pages\/118\/revisions"}],"wp:attachment":[{"href":"https:\/\/www.stskamenicenl.cz\/de\/wp-json\/wp\/v2\/media?parent=118"}],"curies":[{"name":"wp","href":"https:\/\/api.w.org\/{rel}","templated":true}]}}