{"id":117,"date":"2019-08-16T12:25:54","date_gmt":"2019-08-16T10:25:54","guid":{"rendered":"https:\/\/www.stskamenicenl.cz\/?page_id=117"},"modified":"2024-08-22T15:52:06","modified_gmt":"2024-08-22T13:52:06","slug":"sts-kamenice-nad-lipou-s-r-o","status":"publish","type":"page","link":"https:\/\/www.stskamenicenl.cz\/de\/","title":{"rendered":"STS Kamenice nad Lipou, s.r.o."},"content":{"rendered":"<p>Unser Produktionsareal befindet sich im Zentrum der Stadt Kamenice nad Lipou im Bezirk Pelh\u0159imov.<\/p>\n<p>Unser Team besteht aus erfahrenen Mitarbeitern und bietet Arbeiten im Bereich einer seriellen Metallbearbeitung, die Fertigung von hydraulischen Scherenhebeb\u00fchnen bis zum Wiederaufbau und General\u00fcberholung von Traktoren, insbesondere Zetor und URSUS an.<\/p>\n<h3>Die wichtigsten Partner f\u00fcr unser Unternehmen sind:<\/h3>\n<ul>\n<li><span style=\"font-weight: 300;\">Motor Jikov Green \u010cesk\u00e9 Bud\u011bjovice a.s.<\/span><\/li>\n<li><span style=\"font-weight: 300;\">Agmeco Lt.Praha<\/span><\/li>\n<li><span style=\"font-weight: 300;\">EDSCHA Kamenice nad Lipou<\/span><\/li>\n<li><span style=\"font-weight: 300;\">APV &#8211; Technische Produkte GmbH<\/span><\/li>\n<li><span style=\"font-weight: 300;\">Moreau Agri, spol. s r.o.<\/span><\/li>\n<li><span style=\"font-weight: 300;\">\u010cESK\u00c1 PO\u0160TA<\/span><\/li>\n<\/ul>\n<p>&nbsp;<\/p>\n<p>Wir sind gem\u00e4\u00df \u010cSN EN ISO 9001:2016 zertifiziert! <a href=\"https:\/\/www.stskamenicenl.cz\/wp-content\/uploads\/2024\/08\/SKM_C22724081909121.pdf\"><img loading=\"lazy\" decoding=\"async\" class=\"alignnone wp-image-267 size-thumbnail\" src=\"data:image\/gif;base64,R0lGODlhAQABAIAAAAAAAP\/\/\/yH5BAEAAAAALAAAAAABAAEAAAIBRAA7\" data-src=\"https:\/\/www.stskamenicenl.cz\/wp-content\/uploads\/2024\/08\/TS_logo_RGB-150x150.png\" alt=\"\" width=\"150\" height=\"150\" srcset=\"data:image\/gif;base64,R0lGODlhAQABAIAAAAAAAP\/\/\/yH5BAEAAAAALAAAAAABAAEAAAIBRAA7\" data-srcset=\"https:\/\/www.stskamenicenl.cz\/wp-content\/uploads\/2024\/08\/TS_logo_RGB-150x150.png 150w, https:\/\/www.stskamenicenl.cz\/wp-content\/uploads\/2024\/08\/TS_logo_RGB-300x300.png 300w, https:\/\/www.stskamenicenl.cz\/wp-content\/uploads\/2024\/08\/TS_logo_RGB-1024x1024.png 1024w, https:\/\/www.stskamenicenl.cz\/wp-content\/uploads\/2024\/08\/TS_logo_RGB-768x768.png 768w, https:\/\/www.stskamenicenl.cz\/wp-content\/uploads\/2024\/08\/TS_logo_RGB-1536x1536.png 1536w, https:\/\/www.stskamenicenl.cz\/wp-content\/uploads\/2024\/08\/TS_logo_RGB-2048x2048.png 2048w, https:\/\/www.stskamenicenl.cz\/wp-content\/uploads\/2024\/08\/TS_logo_RGB-427x427.png 427w, https:\/\/www.stskamenicenl.cz\/wp-content\/uploads\/2024\/08\/TS_logo_RGB-640x640.png 640w, https:\/\/www.stskamenicenl.cz\/wp-content\/uploads\/2024\/08\/TS_logo_RGB-200x200.png 200w, https:\/\/www.stskamenicenl.cz\/wp-content\/uploads\/2024\/08\/TS_logo_RGB-220x220.png 220w\" sizes=\"auto, (max-width: 150px) 100vw, 150px\" \/><\/a><\/p>\n","protected":false},"excerpt":{"rendered":"<p>Unser Produktionsareal befindet sich im Zentrum der Stadt Kamenice nad Lipou im Bezirk Pelh\u0159imov. Unser Team besteht aus erfahrenen Mitarbeitern und bietet Arbeiten im Bereich einer seriellen Metallbearbeitung, die Fertigung von hydraulischen Scherenhebeb\u00fchnen bis zum Wiederaufbau und General\u00fcberholung von Traktoren, insbesondere Zetor und URSUS an. Die wichtigsten Partner f\u00fcr unser Unternehmen sind: Motor Jikov Green&#8230;<\/p>\n","protected":false},"author":1,"featured_media":0,"parent":0,"menu_order":0,"comment_status":"closed","ping_status":"closed","template":"","meta":{"footnotes":""},"class_list":["post-117","page","type-page","status-publish","hentry"],"yoast_head":"<!-- This site is optimized with the Yoast SEO plugin v25.6 - https:\/\/yoast.com\/wordpress\/plugins\/seo\/ -->\n<title>STS Kamenice nad Lipou, s.r.o. - STS Kamenice nad Lipou<\/title>\n<meta name=\"robots\" content=\"index, follow, max-snippet:-1, max-image-preview:large, max-video-preview:-1\" \/>\n<link rel=\"canonical\" href=\"https:\/\/www.stskamenicenl.cz\/de\/\" \/>\n<meta property=\"og:locale\" content=\"de_DE\" \/>\n<meta property=\"og:type\" content=\"article\" \/>\n<meta property=\"og:title\" content=\"STS Kamenice nad Lipou, s.r.o. - STS Kamenice nad Lipou\" \/>\n<meta property=\"og:description\" content=\"Unser Produktionsareal befindet sich im Zentrum der Stadt Kamenice nad Lipou im Bezirk Pelh\u0159imov. Unser Team besteht aus erfahrenen Mitarbeitern und bietet Arbeiten im Bereich einer seriellen Metallbearbeitung, die Fertigung von hydraulischen Scherenhebeb\u00fchnen bis zum Wiederaufbau und General\u00fcberholung von Traktoren, insbesondere Zetor und URSUS an. Die wichtigsten Partner f\u00fcr unser Unternehmen sind: Motor Jikov Green...\" \/>\n<meta property=\"og:url\" content=\"https:\/\/www.stskamenicenl.cz\/de\/\" \/>\n<meta property=\"og:site_name\" content=\"STS Kamenice nad Lipou\" \/>\n<meta property=\"article:modified_time\" content=\"2024-08-22T13:52:06+00:00\" \/>\n<meta property=\"og:image\" content=\"https:\/\/www.stskamenicenl.cz\/wp-content\/uploads\/2024\/08\/TS_logo_RGB-150x150.png\" \/>\n<meta name=\"twitter:card\" content=\"summary_large_image\" \/>\n<meta name=\"twitter:label1\" content=\"Est. reading time\" \/>\n\t<meta name=\"twitter:data1\" content=\"1 minute\" \/>\n<!-- \/ Yoast SEO plugin. -->","yoast_head_json":{"title":"STS Kamenice nad Lipou, s.r.o. - STS Kamenice nad Lipou","robots":{"index":"index","follow":"follow","max-snippet":"max-snippet:-1","max-image-preview":"max-image-preview:large","max-video-preview":"max-video-preview:-1"},"canonical":"https:\/\/www.stskamenicenl.cz\/de\/","og_locale":"de_DE","og_type":"article","og_title":"STS Kamenice nad Lipou, s.r.o. - STS Kamenice nad Lipou","og_description":"Unser Produktionsareal befindet sich im Zentrum der Stadt Kamenice nad Lipou im Bezirk Pelh\u0159imov. Unser Team besteht aus erfahrenen Mitarbeitern und bietet Arbeiten im Bereich einer seriellen Metallbearbeitung, die Fertigung von hydraulischen Scherenhebeb\u00fchnen bis zum Wiederaufbau und General\u00fcberholung von Traktoren, insbesondere Zetor und URSUS an. Die wichtigsten Partner f\u00fcr unser Unternehmen sind: Motor Jikov Green...","og_url":"https:\/\/www.stskamenicenl.cz\/de\/","og_site_name":"STS Kamenice nad Lipou","article_modified_time":"2024-08-22T13:52:06+00:00","og_image":[{"url":"https:\/\/www.stskamenicenl.cz\/wp-content\/uploads\/2024\/08\/TS_logo_RGB-150x150.png","type":"","width":"","height":""}],"twitter_card":"summary_large_image","twitter_misc":{"Est. reading time":"1 minute"},"schema":{"@context":"https:\/\/schema.org","@graph":[{"@type":"WebPage","@id":"https:\/\/www.stskamenicenl.cz\/de\/","url":"https:\/\/www.stskamenicenl.cz\/de\/","name":"STS Kamenice nad Lipou, s.r.o. - STS Kamenice nad Lipou","isPartOf":{"@id":"https:\/\/www.stskamenicenl.cz\/#website"},"primaryImageOfPage":{"@id":"https:\/\/www.stskamenicenl.cz\/de\/#primaryimage"},"image":{"@id":"https:\/\/www.stskamenicenl.cz\/de\/#primaryimage"},"thumbnailUrl":"https:\/\/www.stskamenicenl.cz\/wp-content\/uploads\/2024\/08\/TS_logo_RGB-150x150.png","datePublished":"2019-08-16T10:25:54+00:00","dateModified":"2024-08-22T13:52:06+00:00","breadcrumb":{"@id":"https:\/\/www.stskamenicenl.cz\/de\/#breadcrumb"},"inLanguage":"de-DE","potentialAction":[{"@type":"ReadAction","target":["https:\/\/www.stskamenicenl.cz\/de\/"]}]},{"@type":"ImageObject","inLanguage":"de-DE","@id":"https:\/\/www.stskamenicenl.cz\/de\/#primaryimage","url":"https:\/\/www.stskamenicenl.cz\/wp-content\/uploads\/2024\/08\/TS_logo_RGB-150x150.png","contentUrl":"https:\/\/www.stskamenicenl.cz\/wp-content\/uploads\/2024\/08\/TS_logo_RGB-150x150.png"},{"@type":"BreadcrumbList","@id":"https:\/\/www.stskamenicenl.cz\/de\/#breadcrumb","itemListElement":[{"@type":"ListItem","position":1,"name":"Dom\u016f","item":"https:\/\/www.stskamenicenl.cz\/de\/"},{"@type":"ListItem","position":2,"name":"STS Kamenice nad Lipou, s.r.o."}]},{"@type":"WebSite","@id":"https:\/\/www.stskamenicenl.cz\/#website","url":"https:\/\/www.stskamenicenl.cz\/","name":"STS Kamenice nad Lipou","description":"Oprava traktor\u016f a v\u00fdrobna n\u00e1hradn\u00edch d\u00edl\u016f","potentialAction":[{"@type":"SearchAction","target":{"@type":"EntryPoint","urlTemplate":"https:\/\/www.stskamenicenl.cz\/?s={search_term_string}"},"query-input":{"@type":"PropertyValueSpecification","valueRequired":true,"valueName":"search_term_string"}}],"inLanguage":"de-DE"}]}},"_links":{"self":[{"href":"https:\/\/www.stskamenicenl.cz\/de\/wp-json\/wp\/v2\/pages\/117","targetHints":{"allow":["GET"]}}],"collection":[{"href":"https:\/\/www.stskamenicenl.cz\/de\/wp-json\/wp\/v2\/pages"}],"about":[{"href":"https:\/\/www.stskamenicenl.cz\/de\/wp-json\/wp\/v2\/types\/page"}],"author":[{"embeddable":true,"href":"https:\/\/www.stskamenicenl.cz\/de\/wp-json\/wp\/v2\/users\/1"}],"replies":[{"embeddable":true,"href":"https:\/\/www.stskamenicenl.cz\/de\/wp-json\/wp\/v2\/comments?post=117"}],"version-history":[{"count":3,"href":"https:\/\/www.stskamenicenl.cz\/de\/wp-json\/wp\/v2\/pages\/117\/revisions"}],"predecessor-version":[{"id":275,"href":"https:\/\/www.stskamenicenl.cz\/de\/wp-json\/wp\/v2\/pages\/117\/revisions\/275"}],"wp:attachment":[{"href":"https:\/\/www.stskamenicenl.cz\/de\/wp-json\/wp\/v2\/media?parent=117"}],"curies":[{"name":"wp","href":"https:\/\/api.w.org\/{rel}","templated":true}]}}